{"id":5408,"date":"2020-12-01T13:41:46","date_gmt":"2020-12-01T12:41:46","guid":{"rendered":"https:\/\/www.le-saint-james.com\/?page_id=5408"},"modified":"2021-12-06T16:52:39","modified_gmt":"2021-12-06T15:52:39","slug":"galerie","status":"publish","type":"page","link":"http:\/\/www.le-saint-james.com\/en\/galerie\/","title":{"rendered":"Gallery"},"content":{"rendered":"<div data-elementor-type=\"wp-page\" data-elementor-id=\"5408\" class=\"elementor elementor-5408\">\n\t\t\t\t\t\t<section class=\"elementor-section elementor-top-section elementor-element elementor-element-03f388b elementor-section-full_width elementor-section-height-default elementor-section-height-default eltdf-parallax-row-no eltdf-content-aligment-left eltdf-elementor-row-grid-no eltdf-disabled-bg-image-bellow-no\" data-id=\"03f388b\" data-element_type=\"section\" data-e-type=\"section\">\n\t\t\t\t\t\t<div class=\"elementor-container elementor-column-gap-default\">\n\t\t\t\t\t<div class=\"elementor-column elementor-col-100 elementor-top-column elementor-element elementor-element-b11260d\" data-id=\"b11260d\" data-element_type=\"column\" data-e-type=\"column\">\n\t\t\t<div class=\"elementor-widget-wrap elementor-element-populated\">\n\t\t\t\t\t\t<div class=\"elementor-element elementor-element-bafda34 elementor-widget elementor-widget-heading\" data-id=\"bafda34\" data-element_type=\"widget\" data-e-type=\"widget\" data-widget_type=\"heading.default\">\n\t\t\t\t<div class=\"elementor-widget-container\">\n\t\t\t\t\t<h3 class=\"elementor-heading-title elementor-size-default\">Discover the dishes of Saint James<\/h3>\t\t\t\t<\/div>\n\t\t\t\t<\/div>\n\t\t\t\t<div class=\"elementor-element elementor-element-1b540ef elementor-widget elementor-widget-text-editor\" data-id=\"1b540ef\" data-element_type=\"widget\" data-e-type=\"widget\" data-widget_type=\"text-editor.default\">\n\t\t\t\t<div class=\"elementor-widget-container\">\n\t\t\t\t\t\t\t\t\t<p>Come and taste our dishes from elsewhere and gourmet in a lounge atmosphere in Bergerac.<\/p>\t\t\t\t\t\t\t\t<\/div>\n\t\t\t\t<\/div>\n\t\t\t\t<div class=\"elementor-element elementor-element-54e205c elementor-arrows-position-inside elementor-pagination-position-outside elementor-widget elementor-widget-image-carousel\" data-id=\"54e205c\" data-element_type=\"widget\" data-e-type=\"widget\" data-settings=\"{&quot;slides_to_show&quot;:&quot;1&quot;,&quot;navigation&quot;:&quot;both&quot;,&quot;autoplay&quot;:&quot;yes&quot;,&quot;pause_on_hover&quot;:&quot;yes&quot;,&quot;pause_on_interaction&quot;:&quot;yes&quot;,&quot;autoplay_speed&quot;:5000,&quot;infinite&quot;:&quot;yes&quot;,&quot;effect&quot;:&quot;slide&quot;,&quot;speed&quot;:500}\" data-widget_type=\"image-carousel.default\">\n\t\t\t\t<div class=\"elementor-widget-container\">\n\t\t\t\t\t\t\t<div class=\"elementor-image-carousel-wrapper swiper\" role=\"region\" aria-roledescription=\"carousel\" aria-label=\"Carrousel d\u2019images\" dir=\"ltr\">\n\t\t\t<div class=\"elementor-image-carousel swiper-wrapper\" aria-live=\"off\">\n\t\t\t\t\t\t\t\t<div class=\"swiper-slide\" role=\"group\" aria-roledescription=\"slide\" aria-label=\"1 sur 10\"><figure class=\"swiper-slide-inner\"><img decoding=\"async\" class=\"swiper-slide-image\" src=\"https:\/\/www.le-saint-james.com\/wp-content\/uploads\/2020\/12\/plats-le-saint-james-bergerac-1100-1024x575.jpg\" alt=\"les plats du bistrot le saint james bergerac\" \/><figcaption class=\"elementor-image-carousel-caption\">Saint james dishes<\/figcaption><\/figure><\/div><div class=\"swiper-slide\" role=\"group\" aria-roledescription=\"slide\" aria-label=\"2 sur 10\"><figure class=\"swiper-slide-inner\"><img decoding=\"async\" class=\"swiper-slide-image\" src=\"https:\/\/www.le-saint-james.com\/wp-content\/uploads\/2020\/12\/chipirons-1100-1024x575.jpg\" alt=\"chipirons le saint james bergerac\" \/><figcaption class=\"elementor-image-carousel-caption\">Our chipirons<\/figcaption><\/figure><\/div><div class=\"swiper-slide\" role=\"group\" aria-roledescription=\"slide\" aria-label=\"3 sur 10\"><figure class=\"swiper-slide-inner\"><img decoding=\"async\" class=\"swiper-slide-image\" src=\"https:\/\/www.le-saint-james.com\/wp-content\/uploads\/2020\/12\/burger-saint-james-1100-1024x575.jpg\" alt=\"les burgers dus saint james bergerac\" \/><figcaption class=\"elementor-image-carousel-caption\">Our burgers<\/figcaption><\/figure><\/div><div class=\"swiper-slide\" role=\"group\" aria-roledescription=\"slide\" aria-label=\"4 sur 10\"><figure class=\"swiper-slide-inner\"><img decoding=\"async\" class=\"swiper-slide-image\" src=\"https:\/\/www.le-saint-james.com\/wp-content\/uploads\/2020\/12\/pains-a-burger-le-saint-james-1100-1024x575.jpg\" alt=\"pains \u00e0 burger le saint james bergerac\" \/><figcaption class=\"elementor-image-carousel-caption\">Our homemade breads<\/figcaption><\/figure><\/div><div class=\"swiper-slide\" role=\"group\" aria-roledescription=\"slide\" aria-label=\"5 sur 10\"><figure class=\"swiper-slide-inner\"><img decoding=\"async\" class=\"swiper-slide-image\" src=\"https:\/\/www.le-saint-james.com\/wp-content\/uploads\/2020\/12\/penne-pesto-le-saint-james-1100-1024x575.jpg\" alt=\"pates au pesto le saint james bergerac\" \/><figcaption class=\"elementor-image-carousel-caption\">Our pasta with pesto<\/figcaption><\/figure><\/div><div class=\"swiper-slide\" role=\"group\" aria-roledescription=\"slide\" aria-label=\"6 sur 10\"><figure class=\"swiper-slide-inner\"><img decoding=\"async\" class=\"swiper-slide-image\" src=\"https:\/\/www.le-saint-james.com\/wp-content\/uploads\/2020\/12\/pates-carbonara-1100-1024x575.jpg\" alt=\"pates carbonara du saint james bergerac\" \/><figcaption class=\"elementor-image-carousel-caption\">Our carbonara pasta<\/figcaption><\/figure><\/div><div class=\"swiper-slide\" role=\"group\" aria-roledescription=\"slide\" aria-label=\"7 sur 10\"><figure class=\"swiper-slide-inner\"><img decoding=\"async\" class=\"swiper-slide-image\" src=\"https:\/\/www.le-saint-james.com\/wp-content\/uploads\/2020\/12\/salade-perigourdine-le-saint-james-1100-1024x575.jpg\" alt=\"salade perigourdine le saint james bergerac\" \/><figcaption class=\"elementor-image-carousel-caption\">Our Perigord salad<\/figcaption><\/figure><\/div><div class=\"swiper-slide\" role=\"group\" aria-roledescription=\"slide\" aria-label=\"8 sur 10\"><figure class=\"swiper-slide-inner\"><img decoding=\"async\" class=\"swiper-slide-image\" src=\"https:\/\/www.le-saint-james.com\/wp-content\/uploads\/2020\/12\/salade-mozza-le-saint-james-1100-1024x575.jpg\" alt=\"salade mozza di buffala le saint james bergerac\" \/><figcaption class=\"elementor-image-carousel-caption\">Our mozzarella di bufala salad<\/figcaption><\/figure><\/div><div class=\"swiper-slide\" role=\"group\" aria-roledescription=\"slide\" aria-label=\"9 sur 10\"><figure class=\"swiper-slide-inner\"><img decoding=\"async\" class=\"swiper-slide-image\" src=\"https:\/\/www.le-saint-james.com\/wp-content\/uploads\/2020\/12\/salade-caesar-le-saint-james-bergerac-1100-1024x575.jpg\" alt=\"salade caesar le saint james bergerac\" \/><figcaption class=\"elementor-image-carousel-caption\">Our Caesar salad<\/figcaption><\/figure><\/div><div class=\"swiper-slide\" role=\"group\" aria-roledescription=\"slide\" aria-label=\"10 sur 10\"><figure class=\"swiper-slide-inner\"><img decoding=\"async\" class=\"swiper-slide-image\" src=\"https:\/\/www.le-saint-james.com\/wp-content\/uploads\/2020\/12\/milkshake-saint-james-1100-1024x575.jpg\" alt=\"milkshake le saint james bergerac\" \/><figcaption class=\"elementor-image-carousel-caption\">Our milkshake monster<\/figcaption><\/figure><\/div>\t\t\t<\/div>\n\t\t\t\t\t\t\t\t\t\t\t\t<div class=\"elementor-swiper-button elementor-swiper-button-prev\" role=\"button\" tabindex=\"0\">\n\t\t\t\t\t\t<i aria-hidden=\"true\" class=\"eicon-chevron-left\"><\/i>\t\t\t\t\t<\/div>\n\t\t\t\t\t<div class=\"elementor-swiper-button elementor-swiper-button-next\" role=\"button\" tabindex=\"0\">\n\t\t\t\t\t\t<i aria-hidden=\"true\" class=\"eicon-chevron-right\"><\/i>\t\t\t\t\t<\/div>\n\t\t\t\t\n\t\t\t\t\t\t\t\t\t<div class=\"swiper-pagination\"><\/div>\n\t\t\t\t\t\t\t\t\t<\/div>\n\t\t\t\t\t\t<\/div>\n\t\t\t\t<\/div>\n\t\t\t\t\t<\/div>\n\t\t<\/div>\n\t\t\t\t\t<\/div>\n\t\t<\/section>\n\t\t\t\t<\/div>","protected":false},"excerpt":{"rendered":"<p>D\u00e9couvrez les plats du Saint James Venez d\u00e9guster nos plats d&#8217;ailleurs et gourmands dans une ambiance lounge \u00e0 Bergerac. Les plats du Saint James Nos chipirons Nos burgers Nos pains fait maison Nos p\u00e2tes au pesto Nos p\u00e2tes carbonara Notre salade p\u00e9rigourdine Notre salade mozzarella di bufala Notre salade Caesar Notre monster milshake Pr\u00e9c\u00e9dent Suivant<\/p>","protected":false},"author":2,"featured_media":0,"parent":0,"menu_order":0,"comment_status":"closed","ping_status":"closed","template":"","meta":{"_angie_page":false,"footnotes":""},"class_list":["post-5408","page","type-page","status-publish","hentry"],"yoast_head":"<!-- This site is optimized with the Yoast SEO plugin v27.4 - https:\/\/yoast.com\/product\/yoast-seo-wordpress\/ -->\n<title>Galerie | Le Saint James Bergerac | Bistrot | Restaurant | Bar | Lounge | Bergerac<\/title>\n<meta name=\"description\" content=\"D\u00e9couvrez les plats du bistrot &quot;Le Saint James&quot; au 27 rue Saint James \u00e0 Bergerac en Dordogne. En attendant vous pouvez d\u00e9guster avec les yeux gr\u00e2ce \u00e0 notre galerie !\" \/>\n<meta name=\"robots\" content=\"index, follow, max-snippet:-1, max-image-preview:large, max-video-preview:-1\" \/>\n<link rel=\"canonical\" href=\"https:\/\/www.le-saint-james.com\/en\/galerie\/\" \/>\n<meta property=\"og:locale\" content=\"en_GB\" \/>\n<meta property=\"og:type\" content=\"article\" \/>\n<meta property=\"og:title\" content=\"Galerie | Le Saint James Bergerac | Bistrot | Restaurant | Bar | Lounge | Bergerac\" \/>\n<meta property=\"og:description\" content=\"D\u00e9couvrez les plats du bistrot &quot;Le Saint James&quot; au 27 rue Saint James \u00e0 Bergerac en Dordogne. En attendant vous pouvez d\u00e9guster avec les yeux gr\u00e2ce \u00e0 notre galerie !\" \/>\n<meta property=\"og:url\" content=\"https:\/\/www.le-saint-james.com\/en\/galerie\/\" \/>\n<meta property=\"og:site_name\" content=\"Le Saint James Bergerac\" \/>\n<meta property=\"article:modified_time\" content=\"2021-12-06T15:52:39+00:00\" \/>\n<meta property=\"og:image\" content=\"https:\/\/www.le-saint-james.com\/wp-content\/uploads\/2020\/12\/plats-le-saint-james-bergerac-1100-1024x575.jpg\" \/>\n<meta name=\"twitter:card\" content=\"summary_large_image\" \/>\n<script type=\"application\/ld+json\" class=\"yoast-schema-graph\">{\"@context\":\"https:\\\/\\\/schema.org\",\"@graph\":[{\"@type\":\"WebPage\",\"@id\":\"https:\\\/\\\/www.le-saint-james.com\\\/galerie\\\/\",\"url\":\"https:\\\/\\\/www.le-saint-james.com\\\/galerie\\\/\",\"name\":\"Galerie | Le Saint James Bergerac | Bistrot | Restaurant | Bar | Lounge | Bergerac\",\"isPartOf\":{\"@id\":\"https:\\\/\\\/www.le-saint-james.com\\\/#website\"},\"primaryImageOfPage\":{\"@id\":\"https:\\\/\\\/www.le-saint-james.com\\\/galerie\\\/#primaryimage\"},\"image\":{\"@id\":\"https:\\\/\\\/www.le-saint-james.com\\\/galerie\\\/#primaryimage\"},\"thumbnailUrl\":\"https:\\\/\\\/www.le-saint-james.com\\\/wp-content\\\/uploads\\\/2020\\\/12\\\/plats-le-saint-james-bergerac-1100-1024x575.jpg\",\"datePublished\":\"2020-12-01T12:41:46+00:00\",\"dateModified\":\"2021-12-06T15:52:39+00:00\",\"description\":\"D\u00e9couvrez les plats du bistrot \\\"Le Saint James\\\" au 27 rue Saint James \u00e0 Bergerac en Dordogne. En attendant vous pouvez d\u00e9guster avec les yeux gr\u00e2ce \u00e0 notre galerie !\",\"breadcrumb\":{\"@id\":\"https:\\\/\\\/www.le-saint-james.com\\\/galerie\\\/#breadcrumb\"},\"inLanguage\":\"en-GB\",\"potentialAction\":[{\"@type\":\"ReadAction\",\"target\":[\"https:\\\/\\\/www.le-saint-james.com\\\/galerie\\\/\"]}]},{\"@type\":\"ImageObject\",\"inLanguage\":\"en-GB\",\"@id\":\"https:\\\/\\\/www.le-saint-james.com\\\/galerie\\\/#primaryimage\",\"url\":\"https:\\\/\\\/www.le-saint-james.com\\\/wp-content\\\/uploads\\\/2020\\\/12\\\/plats-le-saint-james-bergerac-1100-1024x575.jpg\",\"contentUrl\":\"https:\\\/\\\/www.le-saint-james.com\\\/wp-content\\\/uploads\\\/2020\\\/12\\\/plats-le-saint-james-bergerac-1100-1024x575.jpg\"},{\"@type\":\"BreadcrumbList\",\"@id\":\"https:\\\/\\\/www.le-saint-james.com\\\/galerie\\\/#breadcrumb\",\"itemListElement\":[{\"@type\":\"ListItem\",\"position\":1,\"name\":\"Accueil\",\"item\":\"https:\\\/\\\/www.le-saint-james.com\\\/\"},{\"@type\":\"ListItem\",\"position\":2,\"name\":\"Galerie\"}]},{\"@type\":\"WebSite\",\"@id\":\"https:\\\/\\\/www.le-saint-james.com\\\/#website\",\"url\":\"https:\\\/\\\/www.le-saint-james.com\\\/\",\"name\":\"Le Saint James Bergerac\",\"description\":\"Le Saint James - Bar-Restaurant \",\"potentialAction\":[{\"@type\":\"SearchAction\",\"target\":{\"@type\":\"EntryPoint\",\"urlTemplate\":\"https:\\\/\\\/www.le-saint-james.com\\\/?s={search_term_string}\"},\"query-input\":{\"@type\":\"PropertyValueSpecification\",\"valueRequired\":true,\"valueName\":\"search_term_string\"}}],\"inLanguage\":\"en-GB\"}]}<\/script>\n<!-- \/ Yoast SEO plugin. -->","yoast_head_json":{"title":"Galerie | Le Saint James Bergerac | Bistrot | Restaurant | Bar | Lounge | Bergerac","description":"D\u00e9couvrez les plats du bistrot \"Le Saint James\" au 27 rue Saint James \u00e0 Bergerac en Dordogne. En attendant vous pouvez d\u00e9guster avec les yeux gr\u00e2ce \u00e0 notre galerie !","robots":{"index":"index","follow":"follow","max-snippet":"max-snippet:-1","max-image-preview":"max-image-preview:large","max-video-preview":"max-video-preview:-1"},"canonical":"https:\/\/www.le-saint-james.com\/en\/galerie\/","og_locale":"en_GB","og_type":"article","og_title":"Galerie | Le Saint James Bergerac | Bistrot | Restaurant | Bar | Lounge | Bergerac","og_description":"D\u00e9couvrez les plats du bistrot \"Le Saint James\" au 27 rue Saint James \u00e0 Bergerac en Dordogne. En attendant vous pouvez d\u00e9guster avec les yeux gr\u00e2ce \u00e0 notre galerie !","og_url":"https:\/\/www.le-saint-james.com\/en\/galerie\/","og_site_name":"Le Saint James Bergerac","article_modified_time":"2021-12-06T15:52:39+00:00","og_image":[{"url":"https:\/\/www.le-saint-james.com\/wp-content\/uploads\/2020\/12\/plats-le-saint-james-bergerac-1100-1024x575.jpg","type":"","width":"","height":""}],"twitter_card":"summary_large_image","schema":{"@context":"https:\/\/schema.org","@graph":[{"@type":"WebPage","@id":"https:\/\/www.le-saint-james.com\/galerie\/","url":"https:\/\/www.le-saint-james.com\/galerie\/","name":"Galerie | Le Saint James Bergerac | Bistrot | Restaurant | Bar | Lounge | Bergerac","isPartOf":{"@id":"https:\/\/www.le-saint-james.com\/#website"},"primaryImageOfPage":{"@id":"https:\/\/www.le-saint-james.com\/galerie\/#primaryimage"},"image":{"@id":"https:\/\/www.le-saint-james.com\/galerie\/#primaryimage"},"thumbnailUrl":"https:\/\/www.le-saint-james.com\/wp-content\/uploads\/2020\/12\/plats-le-saint-james-bergerac-1100-1024x575.jpg","datePublished":"2020-12-01T12:41:46+00:00","dateModified":"2021-12-06T15:52:39+00:00","description":"D\u00e9couvrez les plats du bistrot \"Le Saint James\" au 27 rue Saint James \u00e0 Bergerac en Dordogne. En attendant vous pouvez d\u00e9guster avec les yeux gr\u00e2ce \u00e0 notre galerie !","breadcrumb":{"@id":"https:\/\/www.le-saint-james.com\/galerie\/#breadcrumb"},"inLanguage":"en-GB","potentialAction":[{"@type":"ReadAction","target":["https:\/\/www.le-saint-james.com\/galerie\/"]}]},{"@type":"ImageObject","inLanguage":"en-GB","@id":"https:\/\/www.le-saint-james.com\/galerie\/#primaryimage","url":"https:\/\/www.le-saint-james.com\/wp-content\/uploads\/2020\/12\/plats-le-saint-james-bergerac-1100-1024x575.jpg","contentUrl":"https:\/\/www.le-saint-james.com\/wp-content\/uploads\/2020\/12\/plats-le-saint-james-bergerac-1100-1024x575.jpg"},{"@type":"BreadcrumbList","@id":"https:\/\/www.le-saint-james.com\/galerie\/#breadcrumb","itemListElement":[{"@type":"ListItem","position":1,"name":"Accueil","item":"https:\/\/www.le-saint-james.com\/"},{"@type":"ListItem","position":2,"name":"Galerie"}]},{"@type":"WebSite","@id":"https:\/\/www.le-saint-james.com\/#website","url":"https:\/\/www.le-saint-james.com\/","name":"Le Saint James Bergerac","description":"Le Saint James - Bar-Restaurant","potentialAction":[{"@type":"SearchAction","target":{"@type":"EntryPoint","urlTemplate":"https:\/\/www.le-saint-james.com\/?s={search_term_string}"},"query-input":{"@type":"PropertyValueSpecification","valueRequired":true,"valueName":"search_term_string"}}],"inLanguage":"en-GB"}]}},"_links":{"self":[{"href":"http:\/\/www.le-saint-james.com\/en\/wp-json\/wp\/v2\/pages\/5408","targetHints":{"allow":["GET"]}}],"collection":[{"href":"http:\/\/www.le-saint-james.com\/en\/wp-json\/wp\/v2\/pages"}],"about":[{"href":"http:\/\/www.le-saint-james.com\/en\/wp-json\/wp\/v2\/types\/page"}],"author":[{"embeddable":true,"href":"http:\/\/www.le-saint-james.com\/en\/wp-json\/wp\/v2\/users\/2"}],"replies":[{"embeddable":true,"href":"http:\/\/www.le-saint-james.com\/en\/wp-json\/wp\/v2\/comments?post=5408"}],"version-history":[{"count":1,"href":"http:\/\/www.le-saint-james.com\/en\/wp-json\/wp\/v2\/pages\/5408\/revisions"}],"predecessor-version":[{"id":5645,"href":"http:\/\/www.le-saint-james.com\/en\/wp-json\/wp\/v2\/pages\/5408\/revisions\/5645"}],"wp:attachment":[{"href":"http:\/\/www.le-saint-james.com\/en\/wp-json\/wp\/v2\/media?parent=5408"}],"curies":[{"name":"wp","href":"https:\/\/api.w.org\/{rel}","templated":true}]}}