{"id":6386,"date":"2022-05-14T02:40:15","date_gmt":"2022-05-14T00:40:15","guid":{"rendered":"https:\/\/www.le-saint-james.com\/?page_id=6386"},"modified":"2025-10-20T12:43:56","modified_gmt":"2025-10-20T10:43:56","slug":"nos-mets","status":"publish","type":"page","link":"http:\/\/www.le-saint-james.com\/en\/nos-mets\/","title":{"rendered":"Nos Mets"},"content":{"rendered":"<div data-elementor-type=\"wp-page\" data-elementor-id=\"6386\" class=\"elementor elementor-6386\">\n\t\t\t\t\t\t<div class=\"elementor-inner\">\n\t\t\t\t<div class=\"elementor-section-wrap\">\n\t\t\t\t\t\t\t\t\t<section class=\"elementor-section elementor-top-section elementor-element elementor-element-6fe5c5d elementor-section-full_width elementor-section-height-min-height elementor-section-stretched elementor-section-height-default elementor-section-items-middle eltdf-parallax-row-no eltdf-content-aligment-left eltdf-elementor-row-grid-no eltdf-disabled-bg-image-bellow-no\" data-id=\"6fe5c5d\" data-element_type=\"section\" data-settings=\"{&quot;stretch_section&quot;:&quot;section-stretched&quot;}\">\n\t\t\t\t\t\t<div class=\"elementor-container elementor-column-gap-default\">\n\t\t\t\t\t\t\t<div class=\"elementor-row\">\n\t\t\t\t\t<div class=\"elementor-column elementor-col-100 elementor-top-column elementor-element elementor-element-9fe6cf6\" data-id=\"9fe6cf6\" data-element_type=\"column\">\n\t\t\t<div class=\"elementor-column-wrap\">\n\t\t\t\t\t\t\t<div class=\"elementor-widget-wrap\">\n\t\t\t\t\t\t\t\t<\/div>\n\t\t\t\t\t<\/div>\n\t\t<\/div>\n\t\t\t\t\t\t\t\t<\/div>\n\t\t\t\t\t<\/div>\n\t\t<\/section>\n\t\t\t\t<section class=\"elementor-section elementor-top-section elementor-element elementor-element-c1f9156 eltdf-elementor-row-grid-section elementor-section-stretched elementor-section-boxed elementor-section-height-default elementor-section-height-default eltdf-parallax-row-no eltdf-content-aligment-left eltdf-disabled-bg-image-bellow-no\" data-id=\"c1f9156\" data-element_type=\"section\" data-settings=\"{&quot;background_background&quot;:&quot;classic&quot;,&quot;stretch_section&quot;:&quot;section-stretched&quot;}\">\n\t\t\t\t\t\t\t<div class=\"elementor-background-overlay\"><\/div>\n\t\t\t\t\t\t\t<div class=\"elementor-container elementor-column-gap-default\">\n\t\t\t\t\t\t\t<div class=\"elementor-row\">\n\t\t\t\t\t<div class=\"elementor-column elementor-col-100 elementor-top-column elementor-element elementor-element-c39a66b\" data-id=\"c39a66b\" data-element_type=\"column\">\n\t\t\t<div class=\"elementor-column-wrap elementor-element-populated\">\n\t\t\t\t\t\t\t<div class=\"elementor-widget-wrap\">\n\t\t\t\t\t\t<div class=\"elementor-element elementor-element-921e192 elementor-widget elementor-widget-eltdf_section_title\" data-id=\"921e192\" data-element_type=\"widget\" data-widget_type=\"eltdf_section_title.default\">\n\t\t\t\t<div class=\"elementor-widget-container\">\n\t\t\t<div class=\"eltdf-section-title-holder\" style=\"text-align: center\">\n\t<div class=\"eltdf-st-inner\">\n                    <span class=\"eltdf-st-tagline\">\n                Le Saint James            <\/span>\n        \t\t            <div class=\"eltdf-st-title-holder\">\n                                <h4 class=\"eltdf-st-title\" >\n                    Les Mets du Saint James                <\/h4>\n                            <\/div>\n\t\t\t\t\t\t\t<\/div>\n<\/div>\t\t<\/div>\n\t\t\t\t<\/div>\n\t\t\t\t\t\t<\/div>\n\t\t\t\t\t<\/div>\n\t\t<\/div>\n\t\t\t\t\t\t\t\t<\/div>\n\t\t\t\t\t<\/div>\n\t\t<\/section>\n\t\t\t\t<section class=\"elementor-section elementor-top-section elementor-element elementor-element-3c3a235 elementor-section-stretched elementor-section-boxed elementor-section-height-default elementor-section-height-default eltdf-parallax-row-no eltdf-content-aligment-left eltdf-elementor-row-grid-no eltdf-disabled-bg-image-bellow-no elementor-invisible\" data-id=\"3c3a235\" data-element_type=\"section\" data-settings=\"{&quot;background_background&quot;:&quot;classic&quot;,&quot;animation&quot;:&quot;fadeInUp&quot;,&quot;stretch_section&quot;:&quot;section-stretched&quot;}\">\n\t\t\t\t\t\t\t<div class=\"elementor-background-overlay\"><\/div>\n\t\t\t\t\t\t\t<div class=\"elementor-container elementor-column-gap-default\">\n\t\t\t\t\t\t\t<div class=\"elementor-row\">\n\t\t\t\t\t<div class=\"elementor-column elementor-col-33 elementor-top-column elementor-element elementor-element-21719d7\" data-id=\"21719d7\" data-element_type=\"column\">\n\t\t\t<div class=\"elementor-column-wrap elementor-element-populated\">\n\t\t\t\t\t\t\t<div class=\"elementor-widget-wrap\">\n\t\t\t\t\t\t<div class=\"elementor-element elementor-element-ee3d1fa elementor-widget elementor-widget-image\" data-id=\"ee3d1fa\" data-element_type=\"widget\" data-widget_type=\"image.default\">\n\t\t\t\t<div class=\"elementor-widget-container\">\n\t\t\t\t\t\t\t\t<div class=\"elementor-image\">\n\t\t\t\t\t\t\t\t\t\t\t\t\t<a href=\"http:\/\/www.le-saint-james.com\/en\/a-partager\/\">\n\t\t\t\t\t\t\t<img loading=\"lazy\" decoding=\"async\" width=\"650\" height=\"650\" src=\"https:\/\/www.le-saint-james.com\/wp-content\/uploads\/2022\/05\/dbdbdbdb-650x650.jpg\" class=\"elementor-animation-grow attachment-laurent_elated_image_square size-laurent_elated_image_square\" alt=\"\" srcset=\"https:\/\/www.le-saint-james.com\/wp-content\/uploads\/2022\/05\/dbdbdbdb-650x650.jpg 650w, https:\/\/www.le-saint-james.com\/wp-content\/uploads\/2022\/05\/dbdbdbdb-150x150.jpg 150w\" sizes=\"(max-width: 650px) 100vw, 650px\" \/>\t\t\t\t\t\t\t\t<\/a>\n\t\t\t\t\t\t\t\t\t\t\t\t\t\t<\/div>\n\t\t\t\t\t\t<\/div>\n\t\t\t\t<\/div>\n\t\t\t\t<div class=\"elementor-element elementor-element-3ac9abe elementor-widget elementor-widget-heading\" data-id=\"3ac9abe\" data-element_type=\"widget\" data-widget_type=\"heading.default\">\n\t\t\t\t<div class=\"elementor-widget-container\">\n\t\t\t<h6 class=\"elementor-heading-title elementor-size-default\">To share <\/h6>\t\t<\/div>\n\t\t\t\t<\/div>\n\t\t\t\t<div class=\"elementor-element elementor-element-fae1acb elementor-widget elementor-widget-image\" data-id=\"fae1acb\" data-element_type=\"widget\" data-widget_type=\"image.default\">\n\t\t\t\t<div class=\"elementor-widget-container\">\n\t\t\t\t\t\t\t\t<div class=\"elementor-image\">\n\t\t\t\t\t\t\t\t\t\t\t\t\t<a href=\"http:\/\/www.le-saint-james.com\/en\/nos-pates-et-gnocchi\/\">\n\t\t\t\t\t\t\t<img loading=\"lazy\" decoding=\"async\" width=\"650\" height=\"650\" src=\"https:\/\/www.le-saint-james.com\/wp-content\/uploads\/2022\/05\/svsvsvvs-650x650.jpg\" class=\"elementor-animation-grow attachment-laurent_elated_image_square size-laurent_elated_image_square\" alt=\"\" srcset=\"https:\/\/www.le-saint-james.com\/wp-content\/uploads\/2022\/05\/svsvsvvs-650x650.jpg 650w, https:\/\/www.le-saint-james.com\/wp-content\/uploads\/2022\/05\/svsvsvvs-150x150.jpg 150w\" sizes=\"(max-width: 650px) 100vw, 650px\" \/>\t\t\t\t\t\t\t\t<\/a>\n\t\t\t\t\t\t\t\t\t\t\t\t\t\t<\/div>\n\t\t\t\t\t\t<\/div>\n\t\t\t\t<\/div>\n\t\t\t\t<div class=\"elementor-element elementor-element-3382a31 elementor-widget elementor-widget-heading\" data-id=\"3382a31\" data-element_type=\"widget\" data-widget_type=\"heading.default\">\n\t\t\t\t<div class=\"elementor-widget-container\">\n\t\t\t<h6 class=\"elementor-heading-title elementor-size-default\">Nos P\u00e2tes <\/h6>\t\t<\/div>\n\t\t\t\t<\/div>\n\t\t\t\t\t\t<\/div>\n\t\t\t\t\t<\/div>\n\t\t<\/div>\n\t\t\t\t<div class=\"elementor-column elementor-col-33 elementor-top-column elementor-element elementor-element-7bd444c\" data-id=\"7bd444c\" data-element_type=\"column\">\n\t\t\t<div class=\"elementor-column-wrap elementor-element-populated\">\n\t\t\t\t\t\t\t<div class=\"elementor-widget-wrap\">\n\t\t\t\t\t\t<div class=\"elementor-element elementor-element-4c71629 elementor-widget elementor-widget-image\" data-id=\"4c71629\" data-element_type=\"widget\" data-widget_type=\"image.default\">\n\t\t\t\t<div class=\"elementor-widget-container\">\n\t\t\t\t\t\t\t\t<div class=\"elementor-image\">\n\t\t\t\t\t\t\t\t\t\t\t\t\t<a href=\"http:\/\/www.le-saint-james.com\/en\/nos-salades\/\">\n\t\t\t\t\t\t\t<img loading=\"lazy\" decoding=\"async\" width=\"650\" height=\"650\" src=\"https:\/\/www.le-saint-james.com\/wp-content\/uploads\/2022\/05\/bdbdbd-650x650.jpg\" class=\"elementor-animation-grow attachment-laurent_elated_image_square size-laurent_elated_image_square\" alt=\"\" srcset=\"https:\/\/www.le-saint-james.com\/wp-content\/uploads\/2022\/05\/bdbdbd-650x650.jpg 650w, https:\/\/www.le-saint-james.com\/wp-content\/uploads\/2022\/05\/bdbdbd-150x150.jpg 150w\" sizes=\"(max-width: 650px) 100vw, 650px\" \/>\t\t\t\t\t\t\t\t<\/a>\n\t\t\t\t\t\t\t\t\t\t\t\t\t\t<\/div>\n\t\t\t\t\t\t<\/div>\n\t\t\t\t<\/div>\n\t\t\t\t<div class=\"elementor-element elementor-element-429a52a elementor-widget elementor-widget-heading\" data-id=\"429a52a\" data-element_type=\"widget\" data-widget_type=\"heading.default\">\n\t\t\t\t<div class=\"elementor-widget-container\">\n\t\t\t<h6 class=\"elementor-heading-title elementor-size-default\">NOS salades<\/h6>\t\t<\/div>\n\t\t\t\t<\/div>\n\t\t\t\t<div class=\"elementor-element elementor-element-b0483a6 elementor-widget elementor-widget-image\" data-id=\"b0483a6\" data-element_type=\"widget\" data-widget_type=\"image.default\">\n\t\t\t\t<div class=\"elementor-widget-container\">\n\t\t\t\t\t\t\t\t<div class=\"elementor-image\">\n\t\t\t\t\t\t\t\t\t\t\t\t\t<a href=\"http:\/\/www.le-saint-james.com\/en\/nos-grillades\/\">\n\t\t\t\t\t\t\t<img loading=\"lazy\" decoding=\"async\" width=\"650\" height=\"650\" src=\"https:\/\/www.le-saint-james.com\/wp-content\/uploads\/2022\/05\/svsvvsvs-650x650.jpg\" class=\"elementor-animation-grow attachment-laurent_elated_image_square size-laurent_elated_image_square\" alt=\"\" srcset=\"https:\/\/www.le-saint-james.com\/wp-content\/uploads\/2022\/05\/svsvvsvs-650x650.jpg 650w, https:\/\/www.le-saint-james.com\/wp-content\/uploads\/2022\/05\/svsvvsvs-150x150.jpg 150w\" sizes=\"(max-width: 650px) 100vw, 650px\" \/>\t\t\t\t\t\t\t\t<\/a>\n\t\t\t\t\t\t\t\t\t\t\t\t\t\t<\/div>\n\t\t\t\t\t\t<\/div>\n\t\t\t\t<\/div>\n\t\t\t\t<div class=\"elementor-element elementor-element-44b96a2 elementor-widget elementor-widget-heading\" data-id=\"44b96a2\" data-element_type=\"widget\" data-widget_type=\"heading.default\">\n\t\t\t\t<div class=\"elementor-widget-container\">\n\t\t\t<h6 class=\"elementor-heading-title elementor-size-default\">BISTROT<\/h6>\t\t<\/div>\n\t\t\t\t<\/div>\n\t\t\t\t\t\t<\/div>\n\t\t\t\t\t<\/div>\n\t\t<\/div>\n\t\t\t\t<div class=\"elementor-column elementor-col-33 elementor-top-column elementor-element elementor-element-29e850e\" data-id=\"29e850e\" data-element_type=\"column\">\n\t\t\t<div class=\"elementor-column-wrap elementor-element-populated\">\n\t\t\t\t\t\t\t<div class=\"elementor-widget-wrap\">\n\t\t\t\t\t\t<div class=\"elementor-element elementor-element-ecb783e elementor-widget elementor-widget-image\" data-id=\"ecb783e\" data-element_type=\"widget\" data-widget_type=\"image.default\">\n\t\t\t\t<div class=\"elementor-widget-container\">\n\t\t\t\t\t\t\t\t<div class=\"elementor-image\">\n\t\t\t\t\t\t\t\t\t\t\t\t\t<a href=\"http:\/\/www.le-saint-james.com\/en\/nos-burgers\/\">\n\t\t\t\t\t\t\t<img loading=\"lazy\" decoding=\"async\" width=\"650\" height=\"650\" src=\"https:\/\/www.le-saint-james.com\/wp-content\/uploads\/2022\/05\/wgzgz-650x650.jpg\" class=\"elementor-animation-grow attachment-laurent_elated_image_square size-laurent_elated_image_square\" alt=\"\" srcset=\"https:\/\/www.le-saint-james.com\/wp-content\/uploads\/2022\/05\/wgzgz-650x650.jpg 650w, https:\/\/www.le-saint-james.com\/wp-content\/uploads\/2022\/05\/wgzgz-150x150.jpg 150w\" sizes=\"(max-width: 650px) 100vw, 650px\" \/>\t\t\t\t\t\t\t\t<\/a>\n\t\t\t\t\t\t\t\t\t\t\t\t\t\t<\/div>\n\t\t\t\t\t\t<\/div>\n\t\t\t\t<\/div>\n\t\t\t\t<div class=\"elementor-element elementor-element-183d306 elementor-widget elementor-widget-heading\" data-id=\"183d306\" data-element_type=\"widget\" data-widget_type=\"heading.default\">\n\t\t\t\t<div class=\"elementor-widget-container\">\n\t\t\t<h6 class=\"elementor-heading-title elementor-size-default\">NOS burgers<\/h6>\t\t<\/div>\n\t\t\t\t<\/div>\n\t\t\t\t<div class=\"elementor-element elementor-element-b21cce6 elementor-widget elementor-widget-image\" data-id=\"b21cce6\" data-element_type=\"widget\" data-widget_type=\"image.default\">\n\t\t\t\t<div class=\"elementor-widget-container\">\n\t\t\t\t\t\t\t\t<div class=\"elementor-image\">\n\t\t\t\t\t\t\t\t\t\t\t\t\t<a href=\"http:\/\/www.le-saint-james.com\/en\/nos-desserts\/\">\n\t\t\t\t\t\t\t<img loading=\"lazy\" decoding=\"async\" width=\"650\" height=\"650\" src=\"https:\/\/www.le-saint-james.com\/wp-content\/uploads\/2022\/05\/vssv-650x650.jpg\" class=\"elementor-animation-grow attachment-laurent_elated_image_square size-laurent_elated_image_square\" alt=\"\" srcset=\"https:\/\/www.le-saint-james.com\/wp-content\/uploads\/2022\/05\/vssv-650x650.jpg 650w, https:\/\/www.le-saint-james.com\/wp-content\/uploads\/2022\/05\/vssv-150x150.jpg 150w\" sizes=\"(max-width: 650px) 100vw, 650px\" \/>\t\t\t\t\t\t\t\t<\/a>\n\t\t\t\t\t\t\t\t\t\t\t\t\t\t<\/div>\n\t\t\t\t\t\t<\/div>\n\t\t\t\t<\/div>\n\t\t\t\t<div class=\"elementor-element elementor-element-1c1d82d elementor-widget elementor-widget-heading\" data-id=\"1c1d82d\" data-element_type=\"widget\" data-widget_type=\"heading.default\">\n\t\t\t\t<div class=\"elementor-widget-container\">\n\t\t\t<h6 class=\"elementor-heading-title elementor-size-default\"><span style=\"letter-spacing: 3.74px; background-color: rgb(7, 7, 7);\">NOS DESSERTS MAISONS<\/span><\/h6>\t\t<\/div>\n\t\t\t\t<\/div>\n\t\t\t\t\t\t<\/div>\n\t\t\t\t\t<\/div>\n\t\t<\/div>\n\t\t\t\t\t\t\t\t<\/div>\n\t\t\t\t\t<\/div>\n\t\t<\/section>\n\t\t\t\t<section class=\"eltdf-parallax-row-holder elementor-section elementor-top-section elementor-element elementor-element-30ecd23c elementor-section-height-min-height eltdf-parallax-row-holder elementor-section-stretched elementor-section-boxed elementor-section-height-default elementor-section-items-middle eltdf-content-aligment-left eltdf-elementor-row-grid-no eltdf-disabled-bg-image-bellow-no\" data-parallax-bg-speed=\"1\" data-parallax-bg-image=\"https:\/\/www.le-saint-james.com\/wp-content\/uploads\/2020\/12\/header-plats-saint-james.jpg\" data-parallax-bg-height=\"0\" data-id=\"30ecd23c\" data-element_type=\"section\" data-settings=\"{&quot;background_background&quot;:&quot;classic&quot;,&quot;elated_parallax_image&quot;:{&quot;url&quot;:&quot;https:\\\/\\\/www.le-saint-james.com\\\/wp-content\\\/uploads\\\/2020\\\/12\\\/header-plats-saint-james.jpg&quot;,&quot;id&quot;:5550,&quot;alt&quot;:&quot;plats saint james bergerac&quot;,&quot;source&quot;:&quot;library&quot;},&quot;stretch_section&quot;:&quot;section-stretched&quot;}\">\n\t\t\t\t\t\t<div class=\"elementor-container elementor-column-gap-default\">\n\t\t\t\t\t\t\t<div class=\"elementor-row\">\n\t\t\t\t\t<div class=\"elementor-column elementor-col-100 elementor-top-column elementor-element elementor-element-43f853b5\" data-id=\"43f853b5\" data-element_type=\"column\">\n\t\t\t<div class=\"elementor-column-wrap\">\n\t\t\t\t\t\t\t<div class=\"elementor-widget-wrap\">\n\t\t\t\t\t\t\t\t<\/div>\n\t\t\t\t\t<\/div>\n\t\t<\/div>\n\t\t\t\t\t\t\t\t<\/div>\n\t\t\t\t\t<\/div>\n\t\t<\/section>\n\t\t\t\t\t\t\t\t\t<\/div>\n\t\t\t<\/div>\n\t\t\t\t\t<\/div>","protected":false},"excerpt":{"rendered":"<p>Le Saint James Les Mets du Saint James \u00c0 PARTAGER Nos P\u00e2tes NOS salades BISTROT NOS burgers NOS DESSERTS MAISONS<\/p>","protected":false},"author":1,"featured_media":0,"parent":0,"menu_order":0,"comment_status":"closed","ping_status":"closed","template":"","meta":{"footnotes":""},"yoast_head":"<!-- This site is optimized with the Yoast SEO plugin v22.2 - https:\/\/yoast.com\/wordpress\/plugins\/seo\/ -->\n<title>Nos Mets | Le Saint James Bergerac | Bistrot | Restaurant | Bar | Lounge | Bergerac | Dordogne<\/title>\n<meta name=\"description\" content=\"D\u00e9couvrez les diff\u00e9rents mets du restaurant &quot;Le Saint James&quot; \u00e0 l&#039;ambiance lounge au centre ville de Bergerac en Dordogne. Venez d\u00e9guster une cuisine d&#039;ailleurs !\" \/>\n<meta name=\"robots\" content=\"index, follow, max-snippet:-1, max-image-preview:large, max-video-preview:-1\" \/>\n<link rel=\"canonical\" href=\"http:\/\/www.le-saint-james.com\/en\/nos-mets\/\" \/>\n<meta property=\"og:locale\" content=\"en_GB\" \/>\n<meta property=\"og:type\" content=\"article\" \/>\n<meta property=\"og:title\" content=\"Nos Mets | Le Saint James Bergerac | Bistrot | Restaurant | Bar | Lounge | Bergerac | Dordogne\" \/>\n<meta property=\"og:description\" content=\"D\u00e9couvrez les diff\u00e9rents mets du restaurant &quot;Le Saint James&quot; \u00e0 l&#039;ambiance lounge au centre ville de Bergerac en Dordogne. Venez d\u00e9guster une cuisine d&#039;ailleurs !\" \/>\n<meta property=\"og:url\" content=\"http:\/\/www.le-saint-james.com\/en\/nos-mets\/\" \/>\n<meta property=\"og:site_name\" content=\"Le Saint James Bergerac\" \/>\n<meta property=\"article:modified_time\" content=\"2025-10-20T10:43:56+00:00\" \/>\n<meta property=\"og:image\" content=\"https:\/\/www.le-saint-james.com\/wp-content\/uploads\/2022\/05\/dbdbdbdb-650x650.jpg\" \/>\n<meta name=\"twitter:card\" content=\"summary_large_image\" \/>\n<meta name=\"twitter:label1\" content=\"Estimated reading time\" \/>\n\t<meta name=\"twitter:data1\" content=\"2 minutes\" \/>\n<script type=\"application\/ld+json\" class=\"yoast-schema-graph\">{\"@context\":\"https:\/\/schema.org\",\"@graph\":[{\"@type\":\"WebPage\",\"@id\":\"https:\/\/www.le-saint-james.com\/nos-mets\/\",\"url\":\"https:\/\/www.le-saint-james.com\/nos-mets\/\",\"name\":\"Nos Mets | Le Saint James Bergerac | Bistrot | Restaurant | Bar | Lounge | Bergerac | Dordogne\",\"isPartOf\":{\"@id\":\"https:\/\/www.le-saint-james.com\/#website\"},\"primaryImageOfPage\":{\"@id\":\"https:\/\/www.le-saint-james.com\/nos-mets\/#primaryimage\"},\"image\":{\"@id\":\"https:\/\/www.le-saint-james.com\/nos-mets\/#primaryimage\"},\"thumbnailUrl\":\"https:\/\/www.le-saint-james.com\/wp-content\/uploads\/2022\/05\/dbdbdbdb-650x650.jpg\",\"datePublished\":\"2022-05-14T00:40:15+00:00\",\"dateModified\":\"2025-10-20T10:43:56+00:00\",\"description\":\"D\u00e9couvrez les diff\u00e9rents mets du restaurant \\\"Le Saint James\\\" \u00e0 l'ambiance lounge au centre ville de Bergerac en Dordogne. Venez d\u00e9guster une cuisine d'ailleurs !\",\"breadcrumb\":{\"@id\":\"https:\/\/www.le-saint-james.com\/nos-mets\/#breadcrumb\"},\"inLanguage\":\"en-GB\",\"potentialAction\":[{\"@type\":\"ReadAction\",\"target\":[\"https:\/\/www.le-saint-james.com\/nos-mets\/\"]}]},{\"@type\":\"ImageObject\",\"inLanguage\":\"en-GB\",\"@id\":\"https:\/\/www.le-saint-james.com\/nos-mets\/#primaryimage\",\"url\":\"https:\/\/www.le-saint-james.com\/wp-content\/uploads\/2022\/05\/dbdbdbdb.jpg\",\"contentUrl\":\"https:\/\/www.le-saint-james.com\/wp-content\/uploads\/2022\/05\/dbdbdbdb.jpg\",\"width\":1920,\"height\":1100},{\"@type\":\"BreadcrumbList\",\"@id\":\"https:\/\/www.le-saint-james.com\/nos-mets\/#breadcrumb\",\"itemListElement\":[{\"@type\":\"ListItem\",\"position\":1,\"name\":\"Accueil\",\"item\":\"https:\/\/www.le-saint-james.com\/\"},{\"@type\":\"ListItem\",\"position\":2,\"name\":\"Nos Mets\"}]},{\"@type\":\"WebSite\",\"@id\":\"https:\/\/www.le-saint-james.com\/#website\",\"url\":\"https:\/\/www.le-saint-james.com\/\",\"name\":\"Le Saint James Bergerac\",\"description\":\"Le Saint James - Restaurant - Bar Lounge\",\"potentialAction\":[{\"@type\":\"SearchAction\",\"target\":{\"@type\":\"EntryPoint\",\"urlTemplate\":\"https:\/\/www.le-saint-james.com\/?s={search_term_string}\"},\"query-input\":\"required name=search_term_string\"}],\"inLanguage\":\"en-GB\"}]}<\/script>\n<!-- \/ Yoast SEO plugin. -->","yoast_head_json":{"title":"Nos Mets | Le Saint James Bergerac | Bistrot | Restaurant | Bar | Lounge | Bergerac | Dordogne","description":"D\u00e9couvrez les diff\u00e9rents mets du restaurant \"Le Saint James\" \u00e0 l'ambiance lounge au centre ville de Bergerac en Dordogne. Venez d\u00e9guster une cuisine d'ailleurs !","robots":{"index":"index","follow":"follow","max-snippet":"max-snippet:-1","max-image-preview":"max-image-preview:large","max-video-preview":"max-video-preview:-1"},"canonical":"http:\/\/www.le-saint-james.com\/en\/nos-mets\/","og_locale":"en_GB","og_type":"article","og_title":"Nos Mets | Le Saint James Bergerac | Bistrot | Restaurant | Bar | Lounge | Bergerac | Dordogne","og_description":"D\u00e9couvrez les diff\u00e9rents mets du restaurant \"Le Saint James\" \u00e0 l'ambiance lounge au centre ville de Bergerac en Dordogne. Venez d\u00e9guster une cuisine d'ailleurs !","og_url":"http:\/\/www.le-saint-james.com\/en\/nos-mets\/","og_site_name":"Le Saint James Bergerac","article_modified_time":"2025-10-20T10:43:56+00:00","og_image":[{"url":"https:\/\/www.le-saint-james.com\/wp-content\/uploads\/2022\/05\/dbdbdbdb-650x650.jpg"}],"twitter_card":"summary_large_image","twitter_misc":{"Estimated reading time":"2 minutes"},"schema":{"@context":"https:\/\/schema.org","@graph":[{"@type":"WebPage","@id":"https:\/\/www.le-saint-james.com\/nos-mets\/","url":"https:\/\/www.le-saint-james.com\/nos-mets\/","name":"Nos Mets | Le Saint James Bergerac | Bistrot | Restaurant | Bar | Lounge | Bergerac | Dordogne","isPartOf":{"@id":"https:\/\/www.le-saint-james.com\/#website"},"primaryImageOfPage":{"@id":"https:\/\/www.le-saint-james.com\/nos-mets\/#primaryimage"},"image":{"@id":"https:\/\/www.le-saint-james.com\/nos-mets\/#primaryimage"},"thumbnailUrl":"https:\/\/www.le-saint-james.com\/wp-content\/uploads\/2022\/05\/dbdbdbdb-650x650.jpg","datePublished":"2022-05-14T00:40:15+00:00","dateModified":"2025-10-20T10:43:56+00:00","description":"D\u00e9couvrez les diff\u00e9rents mets du restaurant \"Le Saint James\" \u00e0 l'ambiance lounge au centre ville de Bergerac en Dordogne. Venez d\u00e9guster une cuisine d'ailleurs !","breadcrumb":{"@id":"https:\/\/www.le-saint-james.com\/nos-mets\/#breadcrumb"},"inLanguage":"en-GB","potentialAction":[{"@type":"ReadAction","target":["https:\/\/www.le-saint-james.com\/nos-mets\/"]}]},{"@type":"ImageObject","inLanguage":"en-GB","@id":"https:\/\/www.le-saint-james.com\/nos-mets\/#primaryimage","url":"https:\/\/www.le-saint-james.com\/wp-content\/uploads\/2022\/05\/dbdbdbdb.jpg","contentUrl":"https:\/\/www.le-saint-james.com\/wp-content\/uploads\/2022\/05\/dbdbdbdb.jpg","width":1920,"height":1100},{"@type":"BreadcrumbList","@id":"https:\/\/www.le-saint-james.com\/nos-mets\/#breadcrumb","itemListElement":[{"@type":"ListItem","position":1,"name":"Accueil","item":"https:\/\/www.le-saint-james.com\/"},{"@type":"ListItem","position":2,"name":"Nos Mets"}]},{"@type":"WebSite","@id":"https:\/\/www.le-saint-james.com\/#website","url":"https:\/\/www.le-saint-james.com\/","name":"Le Saint James Bergerac","description":"Le Saint James - Restaurant - Bar Lounge","potentialAction":[{"@type":"SearchAction","target":{"@type":"EntryPoint","urlTemplate":"https:\/\/www.le-saint-james.com\/?s={search_term_string}"},"query-input":"required name=search_term_string"}],"inLanguage":"en-GB"}]}},"_links":{"self":[{"href":"http:\/\/www.le-saint-james.com\/en\/wp-json\/wp\/v2\/pages\/6386"}],"collection":[{"href":"http:\/\/www.le-saint-james.com\/en\/wp-json\/wp\/v2\/pages"}],"about":[{"href":"http:\/\/www.le-saint-james.com\/en\/wp-json\/wp\/v2\/types\/page"}],"author":[{"embeddable":true,"href":"http:\/\/www.le-saint-james.com\/en\/wp-json\/wp\/v2\/users\/1"}],"replies":[{"embeddable":true,"href":"http:\/\/www.le-saint-james.com\/en\/wp-json\/wp\/v2\/comments?post=6386"}],"version-history":[{"count":168,"href":"http:\/\/www.le-saint-james.com\/en\/wp-json\/wp\/v2\/pages\/6386\/revisions"}],"predecessor-version":[{"id":7727,"href":"http:\/\/www.le-saint-james.com\/en\/wp-json\/wp\/v2\/pages\/6386\/revisions\/7727"}],"wp:attachment":[{"href":"http:\/\/www.le-saint-james.com\/en\/wp-json\/wp\/v2\/media?parent=6386"}],"curies":[{"name":"wp","href":"https:\/\/api.w.org\/{rel}","templated":true}]}}