{"id":6982,"date":"2022-05-16T10:40:45","date_gmt":"2022-05-16T08:40:45","guid":{"rendered":"https:\/\/www.le-saint-james.com\/?page_id=6982"},"modified":"2022-05-16T12:50:05","modified_gmt":"2022-05-16T10:50:05","slug":"menus","status":"publish","type":"page","link":"http:\/\/www.le-saint-james.com\/en\/menus\/","title":{"rendered":"Menus"},"content":{"rendered":"<div data-elementor-type=\"wp-page\" data-elementor-id=\"6982\" class=\"elementor elementor-6982\">\n\t\t\t\t\t\t<div class=\"elementor-inner\">\n\t\t\t\t<div class=\"elementor-section-wrap\">\n\t\t\t\t\t\t\t\t\t<section class=\"elementor-section elementor-top-section elementor-element elementor-element-0296260 elementor-section-height-min-height elementor-section-boxed elementor-section-height-default elementor-section-items-middle eltdf-parallax-row-no eltdf-content-aligment-left eltdf-elementor-row-grid-no eltdf-disabled-bg-image-bellow-no\" data-id=\"0296260\" data-element_type=\"section\">\n\t\t\t\t\t\t<div class=\"elementor-container elementor-column-gap-default\">\n\t\t\t\t\t\t\t<div class=\"elementor-row\">\n\t\t\t\t\t<div class=\"elementor-column elementor-col-100 elementor-top-column elementor-element elementor-element-01e0d78\" data-id=\"01e0d78\" data-element_type=\"column\">\n\t\t\t<div class=\"elementor-column-wrap\">\n\t\t\t\t\t\t\t<div class=\"elementor-widget-wrap\">\n\t\t\t\t\t\t\t\t<\/div>\n\t\t\t\t\t<\/div>\n\t\t<\/div>\n\t\t\t\t\t\t\t\t<\/div>\n\t\t\t\t\t<\/div>\n\t\t<\/section>\n\t\t\t\t<section class=\"elementor-section elementor-top-section elementor-element elementor-element-c1f9156 eltdf-elementor-row-grid-section elementor-section-full_width elementor-section-stretched elementor-section-height-default elementor-section-height-default eltdf-parallax-row-no eltdf-content-aligment-left eltdf-disabled-bg-image-bellow-no\" data-id=\"c1f9156\" data-element_type=\"section\" data-settings=\"{&quot;background_background&quot;:&quot;classic&quot;,&quot;stretch_section&quot;:&quot;section-stretched&quot;}\">\n\t\t\t\t\t\t\t<div class=\"elementor-background-overlay\"><\/div>\n\t\t\t\t\t\t\t<div class=\"elementor-container elementor-column-gap-default\">\n\t\t\t\t\t\t\t<div class=\"elementor-row\">\n\t\t\t\t\t<div class=\"elementor-column elementor-col-100 elementor-top-column elementor-element elementor-element-c39a66b\" data-id=\"c39a66b\" data-element_type=\"column\">\n\t\t\t<div class=\"elementor-column-wrap elementor-element-populated\">\n\t\t\t\t\t\t\t<div class=\"elementor-widget-wrap\">\n\t\t\t\t\t\t<div class=\"elementor-element elementor-element-921e192 elementor-widget elementor-widget-eltdf_section_title\" data-id=\"921e192\" data-element_type=\"widget\" data-widget_type=\"eltdf_section_title.default\">\n\t\t\t\t<div class=\"elementor-widget-container\">\n\t\t\t<div class=\"eltdf-section-title-holder\" style=\"text-align: center\">\n\t<div class=\"eltdf-st-inner\">\n                    <span class=\"eltdf-st-tagline\">\n                Le Saint James            <\/span>\n        \t\t            <div class=\"eltdf-st-title-holder\">\n                                <h4 class=\"eltdf-st-title\" >\n                    Les Menus du Saint James                <\/h4>\n                            <\/div>\n\t\t\t\t\t\t\t<\/div>\n<\/div>\t\t<\/div>\n\t\t\t\t<\/div>\n\t\t\t\t\t\t<\/div>\n\t\t\t\t\t<\/div>\n\t\t<\/div>\n\t\t\t\t\t\t\t\t<\/div>\n\t\t\t\t\t<\/div>\n\t\t<\/section>\n\t\t\t\t<section class=\"elementor-section elementor-top-section elementor-element elementor-element-3c3a235 elementor-section-stretched elementor-section-boxed elementor-section-height-default elementor-section-height-default eltdf-parallax-row-no eltdf-content-aligment-left eltdf-elementor-row-grid-no eltdf-disabled-bg-image-bellow-no elementor-invisible\" data-id=\"3c3a235\" data-element_type=\"section\" data-settings=\"{&quot;background_background&quot;:&quot;classic&quot;,&quot;animation&quot;:&quot;fadeInUp&quot;,&quot;stretch_section&quot;:&quot;section-stretched&quot;}\">\n\t\t\t\t\t\t\t<div class=\"elementor-background-overlay\"><\/div>\n\t\t\t\t\t\t\t<div class=\"elementor-container elementor-column-gap-default\">\n\t\t\t\t\t\t\t<div class=\"elementor-row\">\n\t\t\t\t\t<div class=\"elementor-column elementor-col-50 elementor-top-column elementor-element elementor-element-21719d7\" data-id=\"21719d7\" data-element_type=\"column\">\n\t\t\t<div class=\"elementor-column-wrap elementor-element-populated\">\n\t\t\t\t\t\t\t<div class=\"elementor-widget-wrap\">\n\t\t\t\t\t\t<div class=\"elementor-element elementor-element-ee3d1fa elementor-widget elementor-widget-image\" data-id=\"ee3d1fa\" data-element_type=\"widget\" data-widget_type=\"image.default\">\n\t\t\t\t<div class=\"elementor-widget-container\">\n\t\t\t\t\t\t\t\t<div class=\"elementor-image\">\n\t\t\t\t\t\t\t\t\t\t\t\t\t<a href=\"http:\/\/www.le-saint-james.com\/en\/nos-mets\/\">\n\t\t\t\t\t\t\t<img loading=\"lazy\" decoding=\"async\" width=\"768\" height=\"445\" src=\"https:\/\/www.le-saint-james.com\/wp-content\/uploads\/2022\/05\/tataki-de-thon-768x445.jpg\" class=\"elementor-animation-grow attachment-medium_large size-medium_large\" alt=\"\" srcset=\"https:\/\/www.le-saint-james.com\/wp-content\/uploads\/2022\/05\/tataki-de-thon-768x445.jpg 768w, https:\/\/www.le-saint-james.com\/wp-content\/uploads\/2022\/05\/tataki-de-thon-300x174.jpg 300w, https:\/\/www.le-saint-james.com\/wp-content\/uploads\/2022\/05\/tataki-de-thon-1024x593.jpg 1024w, https:\/\/www.le-saint-james.com\/wp-content\/uploads\/2022\/05\/tataki-de-thon-1536x889.jpg 1536w, https:\/\/www.le-saint-james.com\/wp-content\/uploads\/2022\/05\/tataki-de-thon-18x10.jpg 18w, https:\/\/www.le-saint-james.com\/wp-content\/uploads\/2022\/05\/tataki-de-thon.jpg 1900w\" sizes=\"(max-width: 768px) 100vw, 768px\" \/>\t\t\t\t\t\t\t\t<\/a>\n\t\t\t\t\t\t\t\t\t\t\t\t\t\t<\/div>\n\t\t\t\t\t\t<\/div>\n\t\t\t\t<\/div>\n\t\t\t\t<div class=\"elementor-element elementor-element-3ac9abe elementor-widget elementor-widget-heading\" data-id=\"3ac9abe\" data-element_type=\"widget\" data-widget_type=\"heading.default\">\n\t\t\t\t<div class=\"elementor-widget-container\">\n\t\t\t<h4 class=\"elementor-heading-title elementor-size-default\">Nos Mets<\/h4>\t\t<\/div>\n\t\t\t\t<\/div>\n\t\t\t\t\t\t<\/div>\n\t\t\t\t\t<\/div>\n\t\t<\/div>\n\t\t\t\t<div class=\"elementor-column elementor-col-50 elementor-top-column elementor-element elementor-element-6ccc85d\" data-id=\"6ccc85d\" data-element_type=\"column\">\n\t\t\t<div class=\"elementor-column-wrap elementor-element-populated\">\n\t\t\t\t\t\t\t<div class=\"elementor-widget-wrap\">\n\t\t\t\t\t\t<div class=\"elementor-element elementor-element-fae1acb elementor-widget elementor-widget-image\" data-id=\"fae1acb\" data-element_type=\"widget\" data-widget_type=\"image.default\">\n\t\t\t\t<div class=\"elementor-widget-container\">\n\t\t\t\t\t\t\t\t<div class=\"elementor-image\">\n\t\t\t\t\t\t\t\t\t\t\t\t\t<a href=\"http:\/\/www.le-saint-james.com\/en\/nos-boissons\/\">\n\t\t\t\t\t\t\t<img loading=\"lazy\" decoding=\"async\" width=\"768\" height=\"445\" src=\"https:\/\/www.le-saint-james.com\/wp-content\/uploads\/2022\/05\/blanc-768x445.jpg\" class=\"elementor-animation-grow attachment-medium_large size-medium_large\" alt=\"\" srcset=\"https:\/\/www.le-saint-james.com\/wp-content\/uploads\/2022\/05\/blanc-768x445.jpg 768w, https:\/\/www.le-saint-james.com\/wp-content\/uploads\/2022\/05\/blanc-300x174.jpg 300w, https:\/\/www.le-saint-james.com\/wp-content\/uploads\/2022\/05\/blanc-1024x593.jpg 1024w, https:\/\/www.le-saint-james.com\/wp-content\/uploads\/2022\/05\/blanc-1536x889.jpg 1536w, https:\/\/www.le-saint-james.com\/wp-content\/uploads\/2022\/05\/blanc-18x10.jpg 18w, https:\/\/www.le-saint-james.com\/wp-content\/uploads\/2022\/05\/blanc.jpg 1900w\" sizes=\"(max-width: 768px) 100vw, 768px\" \/>\t\t\t\t\t\t\t\t<\/a>\n\t\t\t\t\t\t\t\t\t\t\t\t\t\t<\/div>\n\t\t\t\t\t\t<\/div>\n\t\t\t\t<\/div>\n\t\t\t\t<div class=\"elementor-element elementor-element-a86c88f elementor-widget elementor-widget-heading\" data-id=\"a86c88f\" data-element_type=\"widget\" data-widget_type=\"heading.default\">\n\t\t\t\t<div class=\"elementor-widget-container\">\n\t\t\t<h4 class=\"elementor-heading-title elementor-size-default\">Nos boissons<\/h4>\t\t<\/div>\n\t\t\t\t<\/div>\n\t\t\t\t\t\t<\/div>\n\t\t\t\t\t<\/div>\n\t\t<\/div>\n\t\t\t\t\t\t\t\t<\/div>\n\t\t\t\t\t<\/div>\n\t\t<\/section>\n\t\t\t\t<section class=\"eltdf-parallax-row-holder elementor-section elementor-top-section elementor-element elementor-element-f9c9138 elementor-section-height-min-height elementor-section-full_width elementor-section-stretched eltdf-parallax-row-holder elementor-section-height-default elementor-section-items-middle eltdf-content-aligment-left eltdf-elementor-row-grid-no eltdf-disabled-bg-image-bellow-no\" data-parallax-bg-speed=\"1\" data-parallax-bg-image=\"https:\/\/www.le-saint-james.com\/wp-content\/uploads\/2021\/12\/rhum-restaurant-saint-james-bergerac-1900x1100-1.jpg\" data-parallax-bg-height=\"0\" data-id=\"f9c9138\" data-element_type=\"section\" data-settings=\"{&quot;background_background&quot;:&quot;classic&quot;,&quot;stretch_section&quot;:&quot;section-stretched&quot;,&quot;elated_parallax_image&quot;:{&quot;url&quot;:&quot;https:\\\/\\\/www.le-saint-james.com\\\/wp-content\\\/uploads\\\/2021\\\/12\\\/rhum-restaurant-saint-james-bergerac-1900x1100-1.jpg&quot;,&quot;id&quot;:5930,&quot;alt&quot;:&quot;rhum du restaurant le saint james \\u00e0 bergerac en dordogne&quot;,&quot;source&quot;:&quot;library&quot;}}\">\n\t\t\t\t\t\t<div class=\"elementor-container elementor-column-gap-default\">\n\t\t\t\t\t\t\t<div class=\"elementor-row\">\n\t\t\t\t\t<div class=\"elementor-column elementor-col-100 elementor-top-column elementor-element elementor-element-ac4b88f\" data-id=\"ac4b88f\" data-element_type=\"column\">\n\t\t\t<div class=\"elementor-column-wrap\">\n\t\t\t\t\t\t\t<div class=\"elementor-widget-wrap\">\n\t\t\t\t\t\t\t\t<\/div>\n\t\t\t\t\t<\/div>\n\t\t<\/div>\n\t\t\t\t\t\t\t\t<\/div>\n\t\t\t\t\t<\/div>\n\t\t<\/section>\n\t\t\t\t\t\t\t\t\t<\/div>\n\t\t\t<\/div>\n\t\t\t\t\t<\/div>","protected":false},"excerpt":{"rendered":"<p>Le Saint James Les Menus du Saint James Nos Mets Nos boissons<\/p>","protected":false},"author":1,"featured_media":0,"parent":0,"menu_order":0,"comment_status":"closed","ping_status":"closed","template":"full-width.php","meta":{"footnotes":""},"yoast_head":"<!-- This site is optimized with the Yoast SEO plugin v22.2 - https:\/\/yoast.com\/wordpress\/plugins\/seo\/ -->\n<title>Menus | Le Saint James Bergerac | Bistrot | Restaurant | Bar | Lounge | Bergerac | Dordogne<\/title>\n<meta name=\"description\" content=\"D\u00e9couvrez les menus du restaurant &quot;Le Saint James&quot; \u00e0 l&#039;ambiance lounge au centre ville de Bergerac en Dordogne. Venez d\u00e9guster une cuisine d&#039;ailleurs !\" \/>\n<meta name=\"robots\" content=\"index, follow, max-snippet:-1, max-image-preview:large, max-video-preview:-1\" \/>\n<link rel=\"canonical\" href=\"http:\/\/www.le-saint-james.com\/en\/menus\/\" \/>\n<meta property=\"og:locale\" content=\"en_GB\" \/>\n<meta property=\"og:type\" content=\"article\" \/>\n<meta property=\"og:title\" content=\"Menus | Le Saint James Bergerac | Bistrot | Restaurant | Bar | Lounge | Bergerac | Dordogne\" \/>\n<meta property=\"og:description\" content=\"D\u00e9couvrez les menus du restaurant &quot;Le Saint James&quot; \u00e0 l&#039;ambiance lounge au centre ville de Bergerac en Dordogne. Venez d\u00e9guster une cuisine d&#039;ailleurs !\" \/>\n<meta property=\"og:url\" content=\"http:\/\/www.le-saint-james.com\/en\/menus\/\" \/>\n<meta property=\"og:site_name\" content=\"Le Saint James Bergerac\" \/>\n<meta property=\"article:modified_time\" content=\"2022-05-16T10:50:05+00:00\" \/>\n<meta property=\"og:image\" content=\"https:\/\/www.le-saint-james.com\/wp-content\/uploads\/2022\/05\/tataki-de-thon-768x445.jpg\" \/>\n<meta name=\"twitter:card\" content=\"summary_large_image\" \/>\n<script type=\"application\/ld+json\" class=\"yoast-schema-graph\">{\"@context\":\"https:\/\/schema.org\",\"@graph\":[{\"@type\":\"WebPage\",\"@id\":\"https:\/\/www.le-saint-james.com\/menus\/\",\"url\":\"https:\/\/www.le-saint-james.com\/menus\/\",\"name\":\"Menus | Le Saint James Bergerac | Bistrot | Restaurant | Bar | Lounge | Bergerac | Dordogne\",\"isPartOf\":{\"@id\":\"https:\/\/www.le-saint-james.com\/#website\"},\"primaryImageOfPage\":{\"@id\":\"https:\/\/www.le-saint-james.com\/menus\/#primaryimage\"},\"image\":{\"@id\":\"https:\/\/www.le-saint-james.com\/menus\/#primaryimage\"},\"thumbnailUrl\":\"https:\/\/www.le-saint-james.com\/wp-content\/uploads\/2022\/05\/tataki-de-thon-768x445.jpg\",\"datePublished\":\"2022-05-16T08:40:45+00:00\",\"dateModified\":\"2022-05-16T10:50:05+00:00\",\"description\":\"D\u00e9couvrez les menus du restaurant \\\"Le Saint James\\\" \u00e0 l'ambiance lounge au centre ville de Bergerac en Dordogne. Venez d\u00e9guster une cuisine d'ailleurs !\",\"breadcrumb\":{\"@id\":\"https:\/\/www.le-saint-james.com\/menus\/#breadcrumb\"},\"inLanguage\":\"en-GB\",\"potentialAction\":[{\"@type\":\"ReadAction\",\"target\":[\"https:\/\/www.le-saint-james.com\/menus\/\"]}]},{\"@type\":\"ImageObject\",\"inLanguage\":\"en-GB\",\"@id\":\"https:\/\/www.le-saint-james.com\/menus\/#primaryimage\",\"url\":\"https:\/\/www.le-saint-james.com\/wp-content\/uploads\/2022\/05\/tataki-de-thon.jpg\",\"contentUrl\":\"https:\/\/www.le-saint-james.com\/wp-content\/uploads\/2022\/05\/tataki-de-thon.jpg\",\"width\":1900,\"height\":1100},{\"@type\":\"BreadcrumbList\",\"@id\":\"https:\/\/www.le-saint-james.com\/menus\/#breadcrumb\",\"itemListElement\":[{\"@type\":\"ListItem\",\"position\":1,\"name\":\"Accueil\",\"item\":\"https:\/\/www.le-saint-james.com\/\"},{\"@type\":\"ListItem\",\"position\":2,\"name\":\"Menus\"}]},{\"@type\":\"WebSite\",\"@id\":\"https:\/\/www.le-saint-james.com\/#website\",\"url\":\"https:\/\/www.le-saint-james.com\/\",\"name\":\"Le Saint James Bergerac\",\"description\":\"Le Saint James - Restaurant - Bar Lounge\",\"potentialAction\":[{\"@type\":\"SearchAction\",\"target\":{\"@type\":\"EntryPoint\",\"urlTemplate\":\"https:\/\/www.le-saint-james.com\/?s={search_term_string}\"},\"query-input\":\"required name=search_term_string\"}],\"inLanguage\":\"en-GB\"}]}<\/script>\n<!-- \/ Yoast SEO plugin. -->","yoast_head_json":{"title":"Menus | Le Saint James Bergerac | Bistrot | Restaurant | Bar | Lounge | Bergerac | Dordogne","description":"D\u00e9couvrez les menus du restaurant \"Le Saint James\" \u00e0 l'ambiance lounge au centre ville de Bergerac en Dordogne. Venez d\u00e9guster une cuisine d'ailleurs !","robots":{"index":"index","follow":"follow","max-snippet":"max-snippet:-1","max-image-preview":"max-image-preview:large","max-video-preview":"max-video-preview:-1"},"canonical":"http:\/\/www.le-saint-james.com\/en\/menus\/","og_locale":"en_GB","og_type":"article","og_title":"Menus | Le Saint James Bergerac | Bistrot | Restaurant | Bar | Lounge | Bergerac | Dordogne","og_description":"D\u00e9couvrez les menus du restaurant \"Le Saint James\" \u00e0 l'ambiance lounge au centre ville de Bergerac en Dordogne. Venez d\u00e9guster une cuisine d'ailleurs !","og_url":"http:\/\/www.le-saint-james.com\/en\/menus\/","og_site_name":"Le Saint James Bergerac","article_modified_time":"2022-05-16T10:50:05+00:00","og_image":[{"url":"https:\/\/www.le-saint-james.com\/wp-content\/uploads\/2022\/05\/tataki-de-thon-768x445.jpg"}],"twitter_card":"summary_large_image","schema":{"@context":"https:\/\/schema.org","@graph":[{"@type":"WebPage","@id":"https:\/\/www.le-saint-james.com\/menus\/","url":"https:\/\/www.le-saint-james.com\/menus\/","name":"Menus | Le Saint James Bergerac | Bistrot | Restaurant | Bar | Lounge | Bergerac | Dordogne","isPartOf":{"@id":"https:\/\/www.le-saint-james.com\/#website"},"primaryImageOfPage":{"@id":"https:\/\/www.le-saint-james.com\/menus\/#primaryimage"},"image":{"@id":"https:\/\/www.le-saint-james.com\/menus\/#primaryimage"},"thumbnailUrl":"https:\/\/www.le-saint-james.com\/wp-content\/uploads\/2022\/05\/tataki-de-thon-768x445.jpg","datePublished":"2022-05-16T08:40:45+00:00","dateModified":"2022-05-16T10:50:05+00:00","description":"D\u00e9couvrez les menus du restaurant \"Le Saint James\" \u00e0 l'ambiance lounge au centre ville de Bergerac en Dordogne. Venez d\u00e9guster une cuisine d'ailleurs !","breadcrumb":{"@id":"https:\/\/www.le-saint-james.com\/menus\/#breadcrumb"},"inLanguage":"en-GB","potentialAction":[{"@type":"ReadAction","target":["https:\/\/www.le-saint-james.com\/menus\/"]}]},{"@type":"ImageObject","inLanguage":"en-GB","@id":"https:\/\/www.le-saint-james.com\/menus\/#primaryimage","url":"https:\/\/www.le-saint-james.com\/wp-content\/uploads\/2022\/05\/tataki-de-thon.jpg","contentUrl":"https:\/\/www.le-saint-james.com\/wp-content\/uploads\/2022\/05\/tataki-de-thon.jpg","width":1900,"height":1100},{"@type":"BreadcrumbList","@id":"https:\/\/www.le-saint-james.com\/menus\/#breadcrumb","itemListElement":[{"@type":"ListItem","position":1,"name":"Accueil","item":"https:\/\/www.le-saint-james.com\/"},{"@type":"ListItem","position":2,"name":"Menus"}]},{"@type":"WebSite","@id":"https:\/\/www.le-saint-james.com\/#website","url":"https:\/\/www.le-saint-james.com\/","name":"Le Saint James Bergerac","description":"Le Saint James - Restaurant - Bar Lounge","potentialAction":[{"@type":"SearchAction","target":{"@type":"EntryPoint","urlTemplate":"https:\/\/www.le-saint-james.com\/?s={search_term_string}"},"query-input":"required name=search_term_string"}],"inLanguage":"en-GB"}]}},"_links":{"self":[{"href":"http:\/\/www.le-saint-james.com\/en\/wp-json\/wp\/v2\/pages\/6982"}],"collection":[{"href":"http:\/\/www.le-saint-james.com\/en\/wp-json\/wp\/v2\/pages"}],"about":[{"href":"http:\/\/www.le-saint-james.com\/en\/wp-json\/wp\/v2\/types\/page"}],"author":[{"embeddable":true,"href":"http:\/\/www.le-saint-james.com\/en\/wp-json\/wp\/v2\/users\/1"}],"replies":[{"embeddable":true,"href":"http:\/\/www.le-saint-james.com\/en\/wp-json\/wp\/v2\/comments?post=6982"}],"version-history":[{"count":29,"href":"http:\/\/www.le-saint-james.com\/en\/wp-json\/wp\/v2\/pages\/6982\/revisions"}],"predecessor-version":[{"id":7058,"href":"http:\/\/www.le-saint-james.com\/en\/wp-json\/wp\/v2\/pages\/6982\/revisions\/7058"}],"wp:attachment":[{"href":"http:\/\/www.le-saint-james.com\/en\/wp-json\/wp\/v2\/media?parent=6982"}],"curies":[{"name":"wp","href":"https:\/\/api.w.org\/{rel}","templated":true}]}}