{"id":7457,"date":"2024-03-17T15:19:32","date_gmt":"2024-03-17T14:19:32","guid":{"rendered":"https:\/\/www.le-saint-james.com\/?page_id=7457"},"modified":"2025-10-20T12:21:51","modified_gmt":"2025-10-20T10:21:51","slug":"nos-tacos","status":"publish","type":"page","link":"http:\/\/www.le-saint-james.com\/en\/nos-tacos\/","title":{"rendered":"Nos Hot Dogs"},"content":{"rendered":"<div data-elementor-type=\"wp-page\" data-elementor-id=\"7457\" class=\"elementor elementor-7457\">\n\t\t\t\t\t\t<section class=\"elementor-section elementor-top-section elementor-element elementor-element-67681ee elementor-section-boxed elementor-section-height-default elementor-section-height-default eltdf-parallax-row-no eltdf-content-aligment-left eltdf-elementor-row-grid-no eltdf-disabled-bg-image-bellow-no\" data-id=\"67681ee\" data-element_type=\"section\" data-e-type=\"section\">\n\t\t\t\t\t\t<div class=\"elementor-container elementor-column-gap-default\">\n\t\t\t\t\t<div class=\"elementor-column elementor-col-100 elementor-top-column elementor-element elementor-element-b58b7ac\" data-id=\"b58b7ac\" data-element_type=\"column\" data-e-type=\"column\">\n\t\t\t<div class=\"elementor-widget-wrap elementor-element-populated\">\n\t\t\t\t\t\t<div class=\"elementor-element elementor-element-09226c4 elementor-widget elementor-widget-text-editor\" data-id=\"09226c4\" data-element_type=\"widget\" data-e-type=\"widget\" data-widget_type=\"text-editor.default\">\n\t\t\t\t<div class=\"elementor-widget-container\">\n\t\t\t\t\t\t\t\t\t<h5 style=\"text-align: center;\"><strong>Dans un pain brioch\u00e9, composez votre Hot Dog \u00e0 12\u20ac<\/strong><\/h5><h5 style=\"text-align: center;\"><strong>Choisissez:<\/strong><\/h5>\t\t\t\t\t\t\t\t<\/div>\n\t\t\t\t<\/div>\n\t\t\t\t\t<\/div>\n\t\t<\/div>\n\t\t\t\t\t<\/div>\n\t\t<\/section>\n\t\t\t\t<section class=\"elementor-section elementor-top-section elementor-element elementor-element-2964464 elementor-section-stretched eltdf-elementor-row-grid-section elementor-section-boxed elementor-section-height-default elementor-section-height-default eltdf-parallax-row-no eltdf-content-aligment-left eltdf-disabled-bg-image-bellow-no\" data-id=\"2964464\" data-element_type=\"section\" data-e-type=\"section\" data-settings=\"{&quot;stretch_section&quot;:&quot;section-stretched&quot;,&quot;background_background&quot;:&quot;classic&quot;}\">\n\t\t\t\t\t\t\t<div class=\"elementor-background-overlay\"><\/div>\n\t\t\t\t\t\t\t<div class=\"elementor-container elementor-column-gap-default\">\n\t\t\t\t\t<div class=\"elementor-column elementor-col-100 elementor-top-column elementor-element elementor-element-0c4d5f2\" data-id=\"0c4d5f2\" data-element_type=\"column\" data-e-type=\"column\">\n\t\t\t<div class=\"elementor-widget-wrap elementor-element-populated\">\n\t\t\t\t\t\t<div class=\"elementor-element elementor-element-1e0ea36 elementor-widget elementor-widget-eltdf_pricing_list\" data-id=\"1e0ea36\" data-element_type=\"widget\" data-e-type=\"widget\" data-widget_type=\"eltdf_pricing_list.default\">\n\t\t\t\t<div class=\"elementor-widget-container\">\n\t\t\t\t\t<div class=\"eltdf-pricing-holder\">\n                        <div class=\"eltdf-pricing-item\">\n                \n                <div class=\"eltdf-pricing-main\" >\n                    <h6 class=\"eltdf-pricing-title\">\n                        VOTRE VIANDE                    <\/h6>\n                    <div class=\"eltdf-pricing-lines\"><\/div>\n                                    <\/div>\n                            <p class=\"eltdf-pricing-desc\">Effiloch\u00e9 de Boeuf Tex-Mex - Mijot\u00e9 de Porc - Effiloch\u00e9 de Poulet - Saucissde de Boeuf - Saucisse de Porc fum\u00e9<\/p>\n                        <\/div>\n                            <div class=\"eltdf-pricing-item\">\n                \n                <div class=\"eltdf-pricing-main\" >\n                    <h6 class=\"eltdf-pricing-title\">\n                        VOTRE SAUCE                    <\/h6>\n                    <div class=\"eltdf-pricing-lines\"><\/div>\n                                    <\/div>\n                            <p class=\"eltdf-pricing-desc\">Ketchup - Moutarde am\u00e9ricaine - Sauce barbecue fum\u00e9e - Sauce andalouse<\/p>\n                        <\/div>\n                            <div class=\"eltdf-pricing-item\">\n                \n                <div class=\"eltdf-pricing-main\" >\n                    <h6 class=\"eltdf-pricing-title\">\n                        VOS CONDIMENTS                    <\/h6>\n                    <div class=\"eltdf-pricing-lines\"><\/div>\n                                    <\/div>\n                            <p class=\"eltdf-pricing-desc\">Oignons frits - Oignons caram\u00e9lis\u00e9s - Pickles<\/p>\n                        <\/div>\n        <\/div>\t\t\t\t<\/div>\n\t\t\t\t<\/div>\n\t\t\t\t\t<\/div>\n\t\t<\/div>\n\t\t\t\t\t<\/div>\n\t\t<\/section>\n\t\t\t\t<\/div>","protected":false},"excerpt":{"rendered":"<p>Dans un pain brioch\u00e9, composez votre Hot Dog \u00e0 12\u20ac Choisissez: VOTRE VIANDE Effiloch\u00e9 de Boeuf Tex-Mex &#8211; Mijot\u00e9 de Porc &#8211; Effiloch\u00e9 de Poulet &#8211; Saucissde de Boeuf &#8211; Saucisse de Porc fum\u00e9 VOTRE SAUCE Ketchup &#8211; Moutarde am\u00e9ricaine &#8211; Sauce barbecue fum\u00e9e &#8211; Sauce andalouse VOS CONDIMENTS Oignons frits &#8211; Oignons caram\u00e9lis\u00e9s &#8211; Pickles<\/p>","protected":false},"author":1,"featured_media":0,"parent":0,"menu_order":0,"comment_status":"closed","ping_status":"closed","template":"","meta":{"_angie_page":false,"footnotes":""},"class_list":["post-7457","page","type-page","status-publish","hentry"],"yoast_head":"<!-- This site is optimized with the Yoast SEO plugin v27.4 - https:\/\/yoast.com\/product\/yoast-seo-wordpress\/ -->\n<title>Nos Hot Dogs | Le Saint James Bergerac<\/title>\n<meta name=\"description\" content=\"D\u00e9couvrez les tacos du restaurant &quot;Le Saint James&quot; \u00e0 l&#039;ambiance lounge au centre ville de Bergerac en Dordogne. Venez d\u00e9guster une cuisine d&#039;ailleurs !\" \/>\n<meta name=\"robots\" content=\"index, follow, max-snippet:-1, max-image-preview:large, max-video-preview:-1\" \/>\n<link rel=\"canonical\" href=\"https:\/\/www.le-saint-james.com\/en\/nos-tacos\/\" \/>\n<meta property=\"og:locale\" content=\"en_GB\" \/>\n<meta property=\"og:type\" content=\"article\" \/>\n<meta property=\"og:title\" content=\"Nos Hot Dogs | Le Saint James Bergerac\" \/>\n<meta property=\"og:description\" content=\"D\u00e9couvrez les tacos du restaurant &quot;Le Saint James&quot; \u00e0 l&#039;ambiance lounge au centre ville de Bergerac en Dordogne. Venez d\u00e9guster une cuisine d&#039;ailleurs !\" \/>\n<meta property=\"og:url\" content=\"https:\/\/www.le-saint-james.com\/en\/nos-tacos\/\" \/>\n<meta property=\"og:site_name\" content=\"Le Saint James Bergerac\" \/>\n<meta property=\"article:modified_time\" content=\"2025-10-20T10:21:51+00:00\" \/>\n<meta property=\"og:image\" content=\"https:\/\/www.le-saint-james.com\/wp-content\/uploads\/2020\/12\/burger-presentation-saint-james-1100.jpg\" \/>\n\t<meta property=\"og:image:width\" content=\"1100\" \/>\n\t<meta property=\"og:image:height\" content=\"618\" \/>\n\t<meta property=\"og:image:type\" content=\"image\/jpeg\" \/>\n<meta name=\"twitter:card\" content=\"summary_large_image\" \/>\n<meta name=\"twitter:label1\" content=\"Estimated reading time\" \/>\n\t<meta name=\"twitter:data1\" content=\"1 minute\" \/>\n<script type=\"application\/ld+json\" class=\"yoast-schema-graph\">{\"@context\":\"https:\\\/\\\/schema.org\",\"@graph\":[{\"@type\":\"WebPage\",\"@id\":\"https:\\\/\\\/www.le-saint-james.com\\\/nos-tacos\\\/\",\"url\":\"https:\\\/\\\/www.le-saint-james.com\\\/nos-tacos\\\/\",\"name\":\"Nos Hot Dogs | Le Saint James Bergerac\",\"isPartOf\":{\"@id\":\"https:\\\/\\\/www.le-saint-james.com\\\/#website\"},\"datePublished\":\"2024-03-17T14:19:32+00:00\",\"dateModified\":\"2025-10-20T10:21:51+00:00\",\"description\":\"D\u00e9couvrez les tacos du restaurant \\\"Le Saint James\\\" \u00e0 l'ambiance lounge au centre ville de Bergerac en Dordogne. Venez d\u00e9guster une cuisine d'ailleurs !\",\"breadcrumb\":{\"@id\":\"https:\\\/\\\/www.le-saint-james.com\\\/nos-tacos\\\/#breadcrumb\"},\"inLanguage\":\"en-GB\",\"potentialAction\":[{\"@type\":\"ReadAction\",\"target\":[\"https:\\\/\\\/www.le-saint-james.com\\\/nos-tacos\\\/\"]}]},{\"@type\":\"BreadcrumbList\",\"@id\":\"https:\\\/\\\/www.le-saint-james.com\\\/nos-tacos\\\/#breadcrumb\",\"itemListElement\":[{\"@type\":\"ListItem\",\"position\":1,\"name\":\"Accueil\",\"item\":\"https:\\\/\\\/www.le-saint-james.com\\\/\"},{\"@type\":\"ListItem\",\"position\":2,\"name\":\"Nos Hot Dogs\"}]},{\"@type\":\"WebSite\",\"@id\":\"https:\\\/\\\/www.le-saint-james.com\\\/#website\",\"url\":\"https:\\\/\\\/www.le-saint-james.com\\\/\",\"name\":\"Le Saint James Bergerac\",\"description\":\"Le Saint James - Bar-Restaurant \",\"potentialAction\":[{\"@type\":\"SearchAction\",\"target\":{\"@type\":\"EntryPoint\",\"urlTemplate\":\"https:\\\/\\\/www.le-saint-james.com\\\/?s={search_term_string}\"},\"query-input\":{\"@type\":\"PropertyValueSpecification\",\"valueRequired\":true,\"valueName\":\"search_term_string\"}}],\"inLanguage\":\"en-GB\"}]}<\/script>\n<!-- \/ Yoast SEO plugin. -->","yoast_head_json":{"title":"Nos Hot Dogs | Le Saint James Bergerac","description":"D\u00e9couvrez les tacos du restaurant \"Le Saint James\" \u00e0 l'ambiance lounge au centre ville de Bergerac en Dordogne. Venez d\u00e9guster une cuisine d'ailleurs !","robots":{"index":"index","follow":"follow","max-snippet":"max-snippet:-1","max-image-preview":"max-image-preview:large","max-video-preview":"max-video-preview:-1"},"canonical":"https:\/\/www.le-saint-james.com\/en\/nos-tacos\/","og_locale":"en_GB","og_type":"article","og_title":"Nos Hot Dogs | Le Saint James Bergerac","og_description":"D\u00e9couvrez les tacos du restaurant \"Le Saint James\" \u00e0 l'ambiance lounge au centre ville de Bergerac en Dordogne. Venez d\u00e9guster une cuisine d'ailleurs !","og_url":"https:\/\/www.le-saint-james.com\/en\/nos-tacos\/","og_site_name":"Le Saint James Bergerac","article_modified_time":"2025-10-20T10:21:51+00:00","og_image":[{"width":1100,"height":618,"url":"https:\/\/www.le-saint-james.com\/wp-content\/uploads\/2020\/12\/burger-presentation-saint-james-1100.jpg","type":"image\/jpeg"}],"twitter_card":"summary_large_image","twitter_misc":{"Estimated reading time":"1 minute"},"schema":{"@context":"https:\/\/schema.org","@graph":[{"@type":"WebPage","@id":"https:\/\/www.le-saint-james.com\/nos-tacos\/","url":"https:\/\/www.le-saint-james.com\/nos-tacos\/","name":"Nos Hot Dogs | Le Saint James Bergerac","isPartOf":{"@id":"https:\/\/www.le-saint-james.com\/#website"},"datePublished":"2024-03-17T14:19:32+00:00","dateModified":"2025-10-20T10:21:51+00:00","description":"D\u00e9couvrez les tacos du restaurant \"Le Saint James\" \u00e0 l'ambiance lounge au centre ville de Bergerac en Dordogne. Venez d\u00e9guster une cuisine d'ailleurs !","breadcrumb":{"@id":"https:\/\/www.le-saint-james.com\/nos-tacos\/#breadcrumb"},"inLanguage":"en-GB","potentialAction":[{"@type":"ReadAction","target":["https:\/\/www.le-saint-james.com\/nos-tacos\/"]}]},{"@type":"BreadcrumbList","@id":"https:\/\/www.le-saint-james.com\/nos-tacos\/#breadcrumb","itemListElement":[{"@type":"ListItem","position":1,"name":"Accueil","item":"https:\/\/www.le-saint-james.com\/"},{"@type":"ListItem","position":2,"name":"Nos Hot Dogs"}]},{"@type":"WebSite","@id":"https:\/\/www.le-saint-james.com\/#website","url":"https:\/\/www.le-saint-james.com\/","name":"Le Saint James Bergerac","description":"Le Saint James - Bar-Restaurant","potentialAction":[{"@type":"SearchAction","target":{"@type":"EntryPoint","urlTemplate":"https:\/\/www.le-saint-james.com\/?s={search_term_string}"},"query-input":{"@type":"PropertyValueSpecification","valueRequired":true,"valueName":"search_term_string"}}],"inLanguage":"en-GB"}]}},"_links":{"self":[{"href":"http:\/\/www.le-saint-james.com\/en\/wp-json\/wp\/v2\/pages\/7457","targetHints":{"allow":["GET"]}}],"collection":[{"href":"http:\/\/www.le-saint-james.com\/en\/wp-json\/wp\/v2\/pages"}],"about":[{"href":"http:\/\/www.le-saint-james.com\/en\/wp-json\/wp\/v2\/types\/page"}],"author":[{"embeddable":true,"href":"http:\/\/www.le-saint-james.com\/en\/wp-json\/wp\/v2\/users\/1"}],"replies":[{"embeddable":true,"href":"http:\/\/www.le-saint-james.com\/en\/wp-json\/wp\/v2\/comments?post=7457"}],"version-history":[{"count":25,"href":"http:\/\/www.le-saint-james.com\/en\/wp-json\/wp\/v2\/pages\/7457\/revisions"}],"predecessor-version":[{"id":7714,"href":"http:\/\/www.le-saint-james.com\/en\/wp-json\/wp\/v2\/pages\/7457\/revisions\/7714"}],"wp:attachment":[{"href":"http:\/\/www.le-saint-james.com\/en\/wp-json\/wp\/v2\/media?parent=7457"}],"curies":[{"name":"wp","href":"https:\/\/api.w.org\/{rel}","templated":true}]}}