{"id":3592,"date":"2020-04-28T13:28:26","date_gmt":"2020-04-28T13:28:26","guid":{"rendered":"https:\/\/laurent.qodeinteractive.com\/elementor\/?page_id=3592"},"modified":"2023-01-19T16:58:45","modified_gmt":"2023-01-19T15:58:45","slug":"contact","status":"publish","type":"page","link":"https:\/\/www.le-saint-james.com\/en\/contact\/","title":{"rendered":"Contact"},"content":{"rendered":"<div data-elementor-type=\"wp-page\" data-elementor-id=\"3592\" class=\"elementor elementor-3592\">\n\t\t\t\t\t\t<div class=\"elementor-inner\">\n\t\t\t\t<div class=\"elementor-section-wrap\">\n\t\t\t\t\t\t\t\t\t<section class=\"elementor-section elementor-top-section elementor-element elementor-element-548a6cf eltdf-elementor-row-grid-section eltdf-content-aligment-center elementor-section-height-min-height elementor-section-boxed elementor-section-height-default elementor-section-items-middle eltdf-parallax-row-no eltdf-disabled-bg-image-bellow-no\" data-id=\"548a6cf\" data-element_type=\"section\" data-settings=\"{&quot;background_background&quot;:&quot;classic&quot;}\">\n\t\t\t\t\t\t<div class=\"elementor-container elementor-column-gap-default\">\n\t\t\t\t\t\t\t<div class=\"elementor-row\">\n\t\t\t\t\t<div class=\"elementor-column elementor-col-50 elementor-top-column elementor-element elementor-element-454c0c7\" data-id=\"454c0c7\" data-element_type=\"column\">\n\t\t\t<div class=\"elementor-column-wrap elementor-element-populated\">\n\t\t\t\t\t\t\t<div class=\"elementor-widget-wrap\">\n\t\t\t\t\t\t<div class=\"elementor-element elementor-element-5718ecd elementor-widget elementor-widget-eltdf_section_title\" data-id=\"5718ecd\" data-element_type=\"widget\" data-widget_type=\"eltdf_section_title.default\">\n\t\t\t\t<div class=\"elementor-widget-container\">\n\t\t\t<div class=\"eltdf-section-title-holder\" style=\"text-align: center\">\n\t<div class=\"eltdf-st-inner\">\n                    <span class=\"eltdf-st-tagline\">\n                A question ?            <\/span>\n        \t\t            <div class=\"eltdf-st-title-holder\">\n                                <h2 class=\"eltdf-st-title\" >\n                    Contact us                <\/h2>\n                            <\/div>\n\t\t\t\t\t\t\t<\/div>\n<\/div>\t\t<\/div>\n\t\t\t\t<\/div>\n\t\t\t\t<div class=\"elementor-element elementor-element-0023919 elementor-widget elementor-widget-eltdf_cf7\" data-id=\"0023919\" data-element_type=\"widget\" data-widget_type=\"eltdf_cf7.default\">\n\t\t\t\t<div class=\"elementor-widget-container\">\n\t\t\t    <div role=\"form\" class=\"wpcf7\" id=\"wpcf7-f5-o1\" lang=\"en-US\" dir=\"ltr\">\n<div class=\"screen-reader-response\"><p role=\"status\" aria-live=\"polite\" aria-atomic=\"true\"><\/p> <ul><\/ul><\/div>\n<form action=\"\/en\/wp-json\/wp\/v2\/pages\/3592#wpcf7-f5-o1\" method=\"post\" class=\"wpcf7-form init cf7_custom_style_1\" novalidate=\"novalidate\" data-status=\"init\" data-trp-original-action=\"\/en\/wp-json\/wp\/v2\/pages\/3592#wpcf7-f5-o1\">\n<div style=\"display: none;\">\n<input type=\"hidden\" name=\"_wpcf7\" value=\"5\" \/>\n<input type=\"hidden\" name=\"_wpcf7_version\" value=\"5.4.2\" \/>\n<input type=\"hidden\" name=\"_wpcf7_locale\" value=\"en_US\" \/>\n<input type=\"hidden\" name=\"_wpcf7_unit_tag\" value=\"wpcf7-f5-o1\" \/>\n<input type=\"hidden\" name=\"_wpcf7_container_post\" value=\"0\" \/>\n<input type=\"hidden\" name=\"_wpcf7_posted_data_hash\" value=\"\" \/>\n<\/div>\n<p><label> Your Name and Surname<br \/>\n    <span class=\"wpcf7-form-control-wrap your-name\"><input type=\"text\" name=\"your-name\" value=\"\" size=\"40\" class=\"wpcf7-form-control wpcf7-text wpcf7-validates-as-required\" aria-required=\"true\" aria-invalid=\"false\" \/><\/span> <\/label><\/p>\n<p><label> Your E-mail<br \/>\n    <span class=\"wpcf7-form-control-wrap your-email\"><input type=\"email\" name=\"your-email\" value=\"\" size=\"40\" class=\"wpcf7-form-control wpcf7-text wpcf7-email wpcf7-validates-as-required wpcf7-validates-as-email\" aria-required=\"true\" aria-invalid=\"false\" \/><\/span> <\/label><\/p>\n<p><label> Your Question ?<br \/>\n    <span class=\"wpcf7-form-control-wrap your-subject\"><input type=\"text\" name=\"your-subject\" value=\"\" size=\"40\" class=\"wpcf7-form-control wpcf7-text wpcf7-validates-as-required\" aria-required=\"true\" aria-invalid=\"false\" \/><\/span> <\/label><\/p>\n<p><label> Your Message <span class=\"wpcf7-form-control-wrap your-message\"><input type=\"text\" name=\"your-message\" value=\"\" size=\"40\" class=\"wpcf7-form-control wpcf7-text wpcf7-validates-as-required\" aria-required=\"true\" aria-invalid=\"false\" \/><\/span> <\/label><\/p>\n<p><button type=\"submit\" class=\"wpcf7-form-control wpcf7-submit eltdf-btn eltdf-btn-medium eltdf-btn-outline\"><span class=\"eltdf-btn-text\">Send<\/span><\/button><\/p>\n<div class=\"wpcf7-response-output\" aria-hidden=\"true\"><\/div><input type=\"hidden\" name=\"trp-form-language\" value=\"en\"\/><\/form><\/div>\t\t<\/div>\n\t\t\t\t<\/div>\n\t\t\t\t\t\t<\/div>\n\t\t\t\t\t<\/div>\n\t\t<\/div>\n\t\t\t\t<div class=\"elementor-column elementor-col-50 elementor-top-column elementor-element elementor-element-b42994c\" data-id=\"b42994c\" data-element_type=\"column\">\n\t\t\t<div class=\"elementor-column-wrap elementor-element-populated\">\n\t\t\t\t\t\t\t<div class=\"elementor-widget-wrap\">\n\t\t\t\t\t\t<section class=\"elementor-section elementor-inner-section elementor-element elementor-element-e6fe2bd elementor-section-boxed elementor-section-height-default elementor-section-height-default eltdf-parallax-row-no eltdf-content-aligment-left eltdf-elementor-row-grid-no eltdf-disabled-bg-image-bellow-no\" data-id=\"e6fe2bd\" data-element_type=\"section\">\n\t\t\t\t\t\t<div class=\"elementor-container elementor-column-gap-default\">\n\t\t\t\t\t\t\t<div class=\"elementor-row\">\n\t\t\t\t\t<div class=\"elementor-column elementor-col-100 elementor-inner-column elementor-element elementor-element-6a65fc7\" data-id=\"6a65fc7\" data-element_type=\"column\">\n\t\t\t<div class=\"elementor-column-wrap elementor-element-populated\">\n\t\t\t\t\t\t\t<div class=\"elementor-widget-wrap\">\n\t\t\t\t\t\t<div class=\"elementor-element elementor-element-3ed85a4 elementor-widget elementor-widget-eltdf_section_title\" data-id=\"3ed85a4\" data-element_type=\"widget\" data-widget_type=\"eltdf_section_title.default\">\n\t\t\t\t<div class=\"elementor-widget-container\">\n\t\t\t<div class=\"eltdf-section-title-holder\" style=\"text-align: center\">\n\t<div class=\"eltdf-st-inner\">\n        \t\t            <div class=\"eltdf-st-title-holder\">\n                                <h4 class=\"eltdf-st-title\" >\n                    THE SAINT JAMES                <\/h4>\n                            <\/div>\n\t\t\t\t\t\t\t<\/div>\n<\/div>\t\t<\/div>\n\t\t\t\t<\/div>\n\t\t\t\t<div class=\"elementor-element elementor-element-b95249e elementor-widget elementor-widget-text-editor\" data-id=\"b95249e\" data-element_type=\"widget\" data-widget_type=\"text-editor.default\">\n\t\t\t\t<div class=\"elementor-widget-container\">\n\t\t\t\t\t\t\t\t<div class=\"elementor-text-editor elementor-clearfix\">\n\t\t\t\t<p style=\"text-align: center;\"><span style=\"color: #ffffff;\"><a style=\"line-height: 36px; color: #ffffff;\" href=\"https:\/\/www.google.com\/maps\/place\/27+Rue+Saint-James,+24100+Bergerac\/@44.8511597,0.4827946,18z\/data=!3m1!4b1!4m5!3m4!1s0x12aad07f30534f39:0x892ae2c54158852a!8m2!3d44.8511581!4d0.4837148\" target=\"_blank\" rel=\"noopener noreferrer\">27 rue saint James 24100 Bergerac<\/a><\/span><br \/><span style=\"color: #ffffff;\">lesaintjamescafe@gmail.com<\/span><\/p><p style=\"text-align: center;\"><span style=\"color: #ffffff;\"><a style=\"line-height: 36px; color: #ffffff;\" href=\"tel: 33553273766\">05 53 27 37 66<\/a><\/span><\/p>\t\t\t\t\t<\/div>\n\t\t\t\t\t\t<\/div>\n\t\t\t\t<\/div>\n\t\t\t\t\t\t<\/div>\n\t\t\t\t\t<\/div>\n\t\t<\/div>\n\t\t\t\t\t\t\t\t<\/div>\n\t\t\t\t\t<\/div>\n\t\t<\/section>\n\t\t\t\t\t\t<\/div>\n\t\t\t\t\t<\/div>\n\t\t<\/div>\n\t\t\t\t\t\t\t\t<\/div>\n\t\t\t\t\t<\/div>\n\t\t<\/section>\n\t\t\t\t<section class=\"elementor-section elementor-top-section elementor-element elementor-element-eb77bfe elementor-section-full_width elementor-section-stretched elementor-section-height-default elementor-section-height-default eltdf-parallax-row-no eltdf-content-aligment-left eltdf-elementor-row-grid-no eltdf-disabled-bg-image-bellow-no\" data-id=\"eb77bfe\" data-element_type=\"section\" data-settings=\"{&quot;stretch_section&quot;:&quot;section-stretched&quot;}\">\n\t\t\t\t\t\t<div class=\"elementor-container elementor-column-gap-default\">\n\t\t\t\t\t\t\t<div class=\"elementor-row\">\n\t\t\t\t\t<div class=\"elementor-column elementor-col-100 elementor-top-column elementor-element elementor-element-c056358\" data-id=\"c056358\" data-element_type=\"column\">\n\t\t\t<div class=\"elementor-column-wrap elementor-element-populated\">\n\t\t\t\t\t\t\t<div class=\"elementor-widget-wrap\">\n\t\t\t\t\t\t<div class=\"elementor-element elementor-element-59f8c5b elementor-widget elementor-widget-shortcode\" data-id=\"59f8c5b\" data-element_type=\"widget\" data-widget_type=\"shortcode.default\">\n\t\t\t\t<div class=\"elementor-widget-container\">\n\t\t\t\t\t<div class=\"elementor-shortcode\"><style type=\"text\/css\" id=\"gmpMapStyles_1_90893\">\n\t#google_map_easy_1_90893 {\n        width: 100%;\n        height: 500px;\n\t\t\t\t\t\t    }\n\t#gmapControlsNum_1_90893 {\n\t\twidth:100%\t}\n\t.gmpMapDetailsContainer#gmpMapDetailsContainer_1_90893 {\n\t\theight:500px;\n\t}\n\t.gmp_MapPreview#google_map_easy_1_90893 {\n\t\t\/*position:absolute;*\/\n\t\twidth: 100%;\n\t}\n\t#mapConElem_1_90893{\n\t\twidth: 100%\t}\n    .gm-style .gm-style-iw-c{\n        padding: 12px!important;\n    }\n\t    <\/style>\n <div class=\"gmp_map_opts\" id=\"mapConElem_1_90893\" data-id=\"1\" data-view-id=\"1_90893\" > <div class=\"gmpMapDetailsContainer\" id=\"gmpMapDetailsContainer_1_90893\"> <i class=\"gmpKMLLayersPreloader fa fa-spinner fa-spin\" aria-hidden=\"true\" style=\"display: none;\"><\/i> <div class=\"gmp_MapPreview\" id=\"google_map_easy_1_90893\"><\/div> <\/div> <div class=\"gmpMapMarkerFilters\" id=\"gmpMapMarkerFilters_1_90893\"> <\/div> <div class=\"gmpMapProControlsCon\" id=\"gmpMapProControlsCon_1_90893\"> <a title=\"WordPress Google Maps Plugin\" style=\"display:none;\" href=\"https:\/\/supsystic.com\/plugins\/google-maps-plugin\/?utm_medium=love_link_hide\" target=\"_blank\">WordPress Google Maps Plugin<\/a><div style=\"clear: both;\"><\/div> <\/div> <div class=\"gmpMapProDirectionsCon\" id=\"gmpMapProDirectionsCon_1_90893\" > <\/div> <div class=\"gmpMapProKmlFilterCon\" id=\"gmpMapProKmlFilterCon_1_90893\" > <\/div> <div class=\"gmpSocialSharingShell gmpSocialSharingShell_1_90893\"> <\/div> <div style=\"clear: both;\"><\/div> <\/div> <\/div>\n\t\t\t\t<\/div>\n\t\t\t\t<\/div>\n\t\t\t\t\t\t<\/div>\n\t\t\t\t\t<\/div>\n\t\t<\/div>\n\t\t\t\t\t\t\t\t<\/div>\n\t\t\t\t\t<\/div>\n\t\t<\/section>\n\t\t\t\t\t\t\t\t\t<\/div>\n\t\t\t<\/div>\n\t\t\t\t\t<\/div>","protected":false},"excerpt":{"rendered":"<p>Une question ? Contactez-nous Votre Nom et Pr\u00e9nom Votre E-mail Votre Question Votre Message Envoyer LE SAINT JAMES 27 rue saint James 24100 Bergeraclesaintjamescafe@gmail.com 05 53 27 37 66<\/p>","protected":false},"author":1,"featured_media":0,"parent":0,"menu_order":0,"comment_status":"closed","ping_status":"closed","template":"full-width.php","meta":{"footnotes":""},"yoast_head":"<!-- This site is optimized with the Yoast SEO plugin v22.2 - https:\/\/yoast.com\/wordpress\/plugins\/seo\/ -->\n<title>Contact | Le Saint James Bergerac | Bistrot | Restaurant | Bar | Lounge | Bergerac | Dordogne<\/title>\n<meta name=\"description\" content=\"Pour toute demande, n&#039;h\u00e9sitez pas \u00e0 contacter le bistrot &quot;Le Saint James&quot; \u00e0 Bergerac via son formulaire de contact. Nous serons ravis de vous accueillir.\" \/>\n<meta name=\"robots\" content=\"index, follow, max-snippet:-1, max-image-preview:large, max-video-preview:-1\" \/>\n<link rel=\"canonical\" href=\"https:\/\/www.le-saint-james.com\/en\/contact\/\" \/>\n<meta property=\"og:locale\" content=\"en_GB\" \/>\n<meta property=\"og:type\" content=\"article\" \/>\n<meta property=\"og:title\" content=\"Contact | Le Saint James Bergerac | Bistrot | Restaurant | Bar | Lounge | Bergerac | Dordogne\" \/>\n<meta property=\"og:description\" content=\"Pour toute demande, n&#039;h\u00e9sitez pas \u00e0 contacter le bistrot &quot;Le Saint James&quot; \u00e0 Bergerac via son formulaire de contact. Nous serons ravis de vous accueillir.\" \/>\n<meta property=\"og:url\" content=\"https:\/\/www.le-saint-james.com\/en\/contact\/\" \/>\n<meta property=\"og:site_name\" content=\"Le Saint James Bergerac\" \/>\n<meta property=\"article:modified_time\" content=\"2023-01-19T15:58:45+00:00\" \/>\n<meta property=\"og:image\" content=\"https:\/\/www.le-saint-james.com\/wp-content\/uploads\/2020\/12\/burger-presentation-saint-james-1100.jpg\" \/>\n\t<meta property=\"og:image:width\" content=\"1100\" \/>\n\t<meta property=\"og:image:height\" content=\"618\" \/>\n\t<meta property=\"og:image:type\" content=\"image\/jpeg\" \/>\n<meta name=\"twitter:card\" content=\"summary_large_image\" \/>\n<script type=\"application\/ld+json\" class=\"yoast-schema-graph\">{\"@context\":\"https:\/\/schema.org\",\"@graph\":[{\"@type\":\"WebPage\",\"@id\":\"https:\/\/www.le-saint-james.com\/contact\/\",\"url\":\"https:\/\/www.le-saint-james.com\/contact\/\",\"name\":\"Contact | Le Saint James Bergerac | Bistrot | Restaurant | Bar | Lounge | Bergerac | Dordogne\",\"isPartOf\":{\"@id\":\"https:\/\/www.le-saint-james.com\/#website\"},\"datePublished\":\"2020-04-28T13:28:26+00:00\",\"dateModified\":\"2023-01-19T15:58:45+00:00\",\"description\":\"Pour toute demande, n'h\u00e9sitez pas \u00e0 contacter le bistrot \\\"Le Saint James\\\" \u00e0 Bergerac via son formulaire de contact. Nous serons ravis de vous accueillir.\",\"breadcrumb\":{\"@id\":\"https:\/\/www.le-saint-james.com\/contact\/#breadcrumb\"},\"inLanguage\":\"en-GB\",\"potentialAction\":[{\"@type\":\"ReadAction\",\"target\":[\"https:\/\/www.le-saint-james.com\/contact\/\"]}]},{\"@type\":\"BreadcrumbList\",\"@id\":\"https:\/\/www.le-saint-james.com\/contact\/#breadcrumb\",\"itemListElement\":[{\"@type\":\"ListItem\",\"position\":1,\"name\":\"Accueil\",\"item\":\"https:\/\/www.le-saint-james.com\/\"},{\"@type\":\"ListItem\",\"position\":2,\"name\":\"Contact\"}]},{\"@type\":\"WebSite\",\"@id\":\"https:\/\/www.le-saint-james.com\/#website\",\"url\":\"https:\/\/www.le-saint-james.com\/\",\"name\":\"Le Saint James Bergerac\",\"description\":\"Le Saint James - Restaurant - Bar Lounge\",\"potentialAction\":[{\"@type\":\"SearchAction\",\"target\":{\"@type\":\"EntryPoint\",\"urlTemplate\":\"https:\/\/www.le-saint-james.com\/?s={search_term_string}\"},\"query-input\":\"required name=search_term_string\"}],\"inLanguage\":\"en-GB\"}]}<\/script>\n<!-- \/ Yoast SEO plugin. -->","yoast_head_json":{"title":"Contact | Le Saint James Bergerac | Bistrot | Restaurant | Bar | Lounge | Bergerac | Dordogne","description":"Pour toute demande, n'h\u00e9sitez pas \u00e0 contacter le bistrot \"Le Saint James\" \u00e0 Bergerac via son formulaire de contact. Nous serons ravis de vous accueillir.","robots":{"index":"index","follow":"follow","max-snippet":"max-snippet:-1","max-image-preview":"max-image-preview:large","max-video-preview":"max-video-preview:-1"},"canonical":"https:\/\/www.le-saint-james.com\/en\/contact\/","og_locale":"en_GB","og_type":"article","og_title":"Contact | Le Saint James Bergerac | Bistrot | Restaurant | Bar | Lounge | Bergerac | Dordogne","og_description":"Pour toute demande, n'h\u00e9sitez pas \u00e0 contacter le bistrot \"Le Saint James\" \u00e0 Bergerac via son formulaire de contact. Nous serons ravis de vous accueillir.","og_url":"https:\/\/www.le-saint-james.com\/en\/contact\/","og_site_name":"Le Saint James Bergerac","article_modified_time":"2023-01-19T15:58:45+00:00","og_image":[{"width":1100,"height":618,"url":"https:\/\/www.le-saint-james.com\/wp-content\/uploads\/2020\/12\/burger-presentation-saint-james-1100.jpg","type":"image\/jpeg"}],"twitter_card":"summary_large_image","schema":{"@context":"https:\/\/schema.org","@graph":[{"@type":"WebPage","@id":"https:\/\/www.le-saint-james.com\/contact\/","url":"https:\/\/www.le-saint-james.com\/contact\/","name":"Contact | Le Saint James Bergerac | Bistrot | Restaurant | Bar | Lounge | Bergerac | Dordogne","isPartOf":{"@id":"https:\/\/www.le-saint-james.com\/#website"},"datePublished":"2020-04-28T13:28:26+00:00","dateModified":"2023-01-19T15:58:45+00:00","description":"Pour toute demande, n'h\u00e9sitez pas \u00e0 contacter le bistrot \"Le Saint James\" \u00e0 Bergerac via son formulaire de contact. Nous serons ravis de vous accueillir.","breadcrumb":{"@id":"https:\/\/www.le-saint-james.com\/contact\/#breadcrumb"},"inLanguage":"en-GB","potentialAction":[{"@type":"ReadAction","target":["https:\/\/www.le-saint-james.com\/contact\/"]}]},{"@type":"BreadcrumbList","@id":"https:\/\/www.le-saint-james.com\/contact\/#breadcrumb","itemListElement":[{"@type":"ListItem","position":1,"name":"Accueil","item":"https:\/\/www.le-saint-james.com\/"},{"@type":"ListItem","position":2,"name":"Contact"}]},{"@type":"WebSite","@id":"https:\/\/www.le-saint-james.com\/#website","url":"https:\/\/www.le-saint-james.com\/","name":"Le Saint James Bergerac","description":"Le Saint James - Restaurant - Bar Lounge","potentialAction":[{"@type":"SearchAction","target":{"@type":"EntryPoint","urlTemplate":"https:\/\/www.le-saint-james.com\/?s={search_term_string}"},"query-input":"required name=search_term_string"}],"inLanguage":"en-GB"}]}},"_links":{"self":[{"href":"https:\/\/www.le-saint-james.com\/en\/wp-json\/wp\/v2\/pages\/3592"}],"collection":[{"href":"https:\/\/www.le-saint-james.com\/en\/wp-json\/wp\/v2\/pages"}],"about":[{"href":"https:\/\/www.le-saint-james.com\/en\/wp-json\/wp\/v2\/types\/page"}],"author":[{"embeddable":true,"href":"https:\/\/www.le-saint-james.com\/en\/wp-json\/wp\/v2\/users\/1"}],"replies":[{"embeddable":true,"href":"https:\/\/www.le-saint-james.com\/en\/wp-json\/wp\/v2\/comments?post=3592"}],"version-history":[{"count":3,"href":"https:\/\/www.le-saint-james.com\/en\/wp-json\/wp\/v2\/pages\/3592\/revisions"}],"predecessor-version":[{"id":7282,"href":"https:\/\/www.le-saint-james.com\/en\/wp-json\/wp\/v2\/pages\/3592\/revisions\/7282"}],"wp:attachment":[{"href":"https:\/\/www.le-saint-james.com\/en\/wp-json\/wp\/v2\/media?parent=3592"}],"curies":[{"name":"wp","href":"https:\/\/api.w.org\/{rel}","templated":true}]}}