{"id":6571,"date":"2022-05-14T04:45:14","date_gmt":"2022-05-14T02:45:14","guid":{"rendered":"https:\/\/www.le-saint-james.com\/?page_id=6571"},"modified":"2025-10-20T14:18:17","modified_gmt":"2025-10-20T12:18:17","slug":"nos-mocktails","status":"publish","type":"page","link":"https:\/\/www.le-saint-james.com\/en\/nos-mocktails\/","title":{"rendered":"Nos Mocktails"},"content":{"rendered":"<div data-elementor-type=\"wp-page\" data-elementor-id=\"6571\" class=\"elementor elementor-6571\">\n\t\t\t\t\t\t<section class=\"elementor-section elementor-top-section elementor-element elementor-element-72acd04 eltdf-elementor-row-grid-section elementor-section-boxed elementor-section-height-default elementor-section-height-default eltdf-parallax-row-no eltdf-content-aligment-left eltdf-disabled-bg-image-bellow-no\" data-id=\"72acd04\" data-element_type=\"section\" data-e-type=\"section\" data-settings=\"{&quot;background_background&quot;:&quot;classic&quot;}\">\n\t\t\t\t\t\t\t<div class=\"elementor-background-overlay\"><\/div>\n\t\t\t\t\t\t\t<div class=\"elementor-container elementor-column-gap-default\">\n\t\t\t\t\t<div class=\"elementor-column elementor-col-100 elementor-top-column elementor-element elementor-element-eba469c\" data-id=\"eba469c\" data-element_type=\"column\" data-e-type=\"column\">\n\t\t\t<div class=\"elementor-widget-wrap elementor-element-populated\">\n\t\t\t\t\t\t<div class=\"elementor-element elementor-element-d190ce9 elementor-widget elementor-widget-eltdf_section_title\" data-id=\"d190ce9\" data-element_type=\"widget\" data-e-type=\"widget\" data-widget_type=\"eltdf_section_title.default\">\n\t\t\t\t<div class=\"elementor-widget-container\">\n\t\t\t\t\t<div class=\"eltdf-section-title-holder\" style=\"text-align: center\">\n\t<div class=\"eltdf-st-inner\">\n                    <span class=\"eltdf-st-tagline\">\n                Appetizer            <\/span>\n        \t\t            <div class=\"eltdf-st-title-holder\">\n                                <h4 class=\"eltdf-st-title\" >\n                    NOS MOCKTAILS                <\/h4>\n                            <\/div>\n\t\t\t\t\t\t\t<\/div>\n<\/div>\t\t\t\t<\/div>\n\t\t\t\t<\/div>\n\t\t\t\t<div class=\"elementor-element elementor-element-1339832 elementor-widget elementor-widget-eltdf_pricing_list\" data-id=\"1339832\" data-element_type=\"widget\" data-e-type=\"widget\" data-widget_type=\"eltdf_pricing_list.default\">\n\t\t\t\t<div class=\"elementor-widget-container\">\n\t\t\t\t\t<div class=\"eltdf-pricing-holder\">\n                        <div class=\"eltdf-pricing-item\">\n                \n                <div class=\"eltdf-pricing-main\" >\n                    <h6 class=\"eltdf-pricing-title\">\n                        Le Rio de Janeiro                    <\/h6>\n                    <div class=\"eltdf-pricing-lines\"><\/div>\n                                            <span class=\"eltdf-pricing-price\" style=\"color: #010101\">5\u20ac<\/span>\n                                    <\/div>\n                            <p class=\"eltdf-pricing-desc\">Jus d&#039;orange, Pur\u00e9e de Myrtilles, Blanc d&#039;\u0152uf, Limonade<\/p>\n                        <\/div>\n                            <div class=\"eltdf-pricing-item\">\n                \n                <div class=\"eltdf-pricing-main\" >\n                    <h6 class=\"eltdf-pricing-title\">\n                        NEW apple Rose                    <\/h6>\n                    <div class=\"eltdf-pricing-lines\"><\/div>\n                                            <span class=\"eltdf-pricing-price\" style=\"color: #010101\">5\u20ac<\/span>\n                                    <\/div>\n                            <p class=\"eltdf-pricing-desc\">Jus de Pomme, Pur\u00e9e de Framboise, Blanc d&#039;\u0152uf, Limonade<\/p>\n                        <\/div>\n                            <div class=\"eltdf-pricing-item\">\n                \n                <div class=\"eltdf-pricing-main\" >\n                    <h6 class=\"eltdf-pricing-title\">\n                        Le COCO St JAMES                    <\/h6>\n                    <div class=\"eltdf-pricing-lines\"><\/div>\n                                            <span class=\"eltdf-pricing-price\" style=\"color: #010101\">6.50\u20ac<\/span>\n                                    <\/div>\n                            <p class=\"eltdf-pricing-desc\">Lait de coco, jus de poire, vanille et citron vert<\/p>\n                        <\/div>\n                            <div class=\"eltdf-pricing-item\">\n                \n                <div class=\"eltdf-pricing-main\" >\n                    <h6 class=\"eltdf-pricing-title\">\n                        Gentle Amigo                    <\/h6>\n                    <div class=\"eltdf-pricing-lines\"><\/div>\n                                            <span class=\"eltdf-pricing-price\" style=\"color: #010101\">5\u20ac<\/span>\n                                    <\/div>\n                            <p class=\"eltdf-pricing-desc\">Jus d&#039;Ananas, Jus de Cranberry, Sirop d&#039;Orgeat, Jus de Citron Vert<\/p>\n                        <\/div>\n                            <div class=\"eltdf-pricing-item\">\n                \n                <div class=\"eltdf-pricing-main\" >\n                    <h6 class=\"eltdf-pricing-title\">\n                        Green Smash                    <\/h6>\n                    <div class=\"eltdf-pricing-lines\"><\/div>\n                                            <span class=\"eltdf-pricing-price\" style=\"color: #010101\">5\u20ac<\/span>\n                                    <\/div>\n                            <p class=\"eltdf-pricing-desc\">Pur\u00e9e de Kiwi, Orange, Citron, Menthe<\/p>\n                        <\/div>\n                            <div class=\"eltdf-pricing-item\">\n                \n                <div class=\"eltdf-pricing-main\" >\n                    <h6 class=\"eltdf-pricing-title\">\n                        Virgin Pina Colada                    <\/h6>\n                    <div class=\"eltdf-pricing-lines\"><\/div>\n                                            <span class=\"eltdf-pricing-price\" style=\"color: #010101\">6\u20ac<\/span>\n                                    <\/div>\n                            <p class=\"eltdf-pricing-desc\">Jus d&#039;Ananas, Cr\u00e8me de Noix de Coco Maison<\/p>\n                        <\/div>\n                            <div class=\"eltdf-pricing-item\">\n                \n                <div class=\"eltdf-pricing-main\" >\n                    <h6 class=\"eltdf-pricing-title\">\n                        Virgin Mojito                    <\/h6>\n                    <div class=\"eltdf-pricing-lines\"><\/div>\n                                            <span class=\"eltdf-pricing-price\" style=\"color: #010101\">6\u20ac<\/span>\n                                    <\/div>\n                            <p class=\"eltdf-pricing-desc\">Menthe, Citron vert, Cassonade, Limonade<\/p>\n                        <\/div>\n                            <div class=\"eltdf-pricing-item\">\n                \n                <div class=\"eltdf-pricing-main\" >\n                    <h6 class=\"eltdf-pricing-title\">\n                        Vir&#039;Gin Ceder&#039;s                    <\/h6>\n                    <div class=\"eltdf-pricing-lines\"><\/div>\n                                            <span class=\"eltdf-pricing-price\" style=\"color: #010101\">7.50\u20ac<\/span>\n                                    <\/div>\n                            <p class=\"eltdf-pricing-desc\">Ceder&#039;s sans alcool, Indian Tonic<\/p>\n                        <\/div>\n        <\/div>\t\t\t\t<\/div>\n\t\t\t\t<\/div>\n\t\t\t\t\t<\/div>\n\t\t<\/div>\n\t\t\t\t\t<\/div>\n\t\t<\/section>\n\t\t\t\t<section class=\"eltdf-parallax-row-holder elementor-section elementor-top-section elementor-element elementor-element-e2bdf0a elementor-section-full_width eltdf-parallax-row-holder elementor-section-height-default elementor-section-height-default eltdf-content-aligment-left eltdf-elementor-row-grid-no eltdf-disabled-bg-image-bellow-no\" data-parallax-bg-speed=\"1\" data-parallax-bg-image=\"https:\/\/www.le-saint-james.com\/wp-content\/uploads\/2021\/12\/jus-de-fruits-saint-james-bergerac-1900x1100-1.jpg\" data-parallax-bg-height=\"0\" data-id=\"e2bdf0a\" data-element_type=\"section\" data-e-type=\"section\" data-settings=\"{&quot;elated_parallax_image&quot;:{&quot;url&quot;:&quot;https:\\\/\\\/www.le-saint-james.com\\\/wp-content\\\/uploads\\\/2021\\\/12\\\/jus-de-fruits-saint-james-bergerac-1900x1100-1.jpg&quot;,&quot;id&quot;:5935,&quot;size&quot;:&quot;&quot;,&quot;alt&quot;:&quot;jus de fruits du restaurant le saint james \\u00e0 bergerac en dordogne&quot;,&quot;source&quot;:&quot;library&quot;}}\">\n\t\t\t\t\t\t<div class=\"elementor-container elementor-column-gap-default\">\n\t\t\t\t\t<div class=\"elementor-column elementor-col-100 elementor-top-column elementor-element elementor-element-585df30\" data-id=\"585df30\" data-element_type=\"column\" data-e-type=\"column\">\n\t\t\t<div class=\"elementor-widget-wrap\">\n\t\t\t\t\t\t\t<\/div>\n\t\t<\/div>\n\t\t\t\t\t<\/div>\n\t\t<\/section>\n\t\t\t\t<\/div>","protected":false},"excerpt":{"rendered":"<p>Ap\u00e9ritifs NOS MOCKTAILS Le Rio de Janeiro 5\u20ac Jus d&#039;orange, Pur\u00e9e de Myrtilles, Blanc d&#039;\u0152uf, Limonade NEW apple Rose 5\u20ac Jus de Pomme, Pur\u00e9e de Framboise, Blanc d&#039;\u0152uf, Limonade Le COCO St JAMES 6.50\u20ac Lait de coco, jus de poire, vanille et citron vert Gentle Amigo 5\u20ac Jus d&#039;Ananas, Jus de Cranberry, Sirop d&#039;Orgeat, Jus de Citron Vert Green Smash [&hellip;]<\/p>\n","protected":false},"author":1,"featured_media":0,"parent":0,"menu_order":0,"comment_status":"closed","ping_status":"closed","template":"full-width.php","meta":{"_angie_page":false,"footnotes":""},"class_list":["post-6571","page","type-page","status-publish","hentry"],"yoast_head":"<!-- This site is optimized with the Yoast SEO plugin v27.4 - https:\/\/yoast.com\/product\/yoast-seo-wordpress\/ -->\n<title>Nos Mocktails | Le Saint James Bergerac | Restaurant &amp; Bar Lounge<\/title>\n<meta name=\"description\" content=\"D\u00e9couvrez les mocktails du restaurant &quot;Le Saint James&quot; \u00e0 l&#039;ambiance lounge au centre ville de Bergerac en Dordogne. Venez d\u00e9guster une cuisine d&#039;ailleurs !\" \/>\n<meta name=\"robots\" content=\"index, follow, max-snippet:-1, max-image-preview:large, max-video-preview:-1\" \/>\n<link rel=\"canonical\" href=\"https:\/\/www.le-saint-james.com\/en\/nos-mocktails\/\" \/>\n<meta property=\"og:locale\" content=\"en_GB\" \/>\n<meta property=\"og:type\" content=\"article\" \/>\n<meta property=\"og:title\" content=\"Nos Mocktails | Le Saint James Bergerac | Restaurant &amp; Bar Lounge\" \/>\n<meta property=\"og:description\" content=\"D\u00e9couvrez les mocktails du restaurant &quot;Le Saint James&quot; \u00e0 l&#039;ambiance lounge au centre ville de Bergerac en Dordogne. Venez d\u00e9guster une cuisine d&#039;ailleurs !\" \/>\n<meta property=\"og:url\" content=\"https:\/\/www.le-saint-james.com\/en\/nos-mocktails\/\" \/>\n<meta property=\"og:site_name\" content=\"Le Saint James Bergerac\" \/>\n<meta property=\"article:modified_time\" content=\"2025-10-20T12:18:17+00:00\" \/>\n<meta property=\"og:image\" content=\"https:\/\/www.le-saint-james.com\/wp-content\/uploads\/2020\/12\/burger-presentation-saint-james-1100.jpg\" \/>\n\t<meta property=\"og:image:width\" content=\"1100\" \/>\n\t<meta property=\"og:image:height\" content=\"618\" \/>\n\t<meta property=\"og:image:type\" content=\"image\/jpeg\" \/>\n<meta name=\"twitter:card\" content=\"summary_large_image\" \/>\n<meta name=\"twitter:label1\" content=\"Estimated reading time\" \/>\n\t<meta name=\"twitter:data1\" content=\"1 minute\" \/>\n<script type=\"application\/ld+json\" class=\"yoast-schema-graph\">{\"@context\":\"https:\\\/\\\/schema.org\",\"@graph\":[{\"@type\":\"WebPage\",\"@id\":\"https:\\\/\\\/www.le-saint-james.com\\\/nos-mocktails\\\/\",\"url\":\"https:\\\/\\\/www.le-saint-james.com\\\/nos-mocktails\\\/\",\"name\":\"Nos Mocktails | Le Saint James Bergerac | Restaurant & Bar Lounge\",\"isPartOf\":{\"@id\":\"https:\\\/\\\/www.le-saint-james.com\\\/#website\"},\"datePublished\":\"2022-05-14T02:45:14+00:00\",\"dateModified\":\"2025-10-20T12:18:17+00:00\",\"description\":\"D\u00e9couvrez les mocktails du restaurant \\\"Le Saint James\\\" \u00e0 l'ambiance lounge au centre ville de Bergerac en Dordogne. Venez d\u00e9guster une cuisine d'ailleurs !\",\"breadcrumb\":{\"@id\":\"https:\\\/\\\/www.le-saint-james.com\\\/nos-mocktails\\\/#breadcrumb\"},\"inLanguage\":\"en-GB\",\"potentialAction\":[{\"@type\":\"ReadAction\",\"target\":[\"https:\\\/\\\/www.le-saint-james.com\\\/nos-mocktails\\\/\"]}]},{\"@type\":\"BreadcrumbList\",\"@id\":\"https:\\\/\\\/www.le-saint-james.com\\\/nos-mocktails\\\/#breadcrumb\",\"itemListElement\":[{\"@type\":\"ListItem\",\"position\":1,\"name\":\"Accueil\",\"item\":\"https:\\\/\\\/www.le-saint-james.com\\\/\"},{\"@type\":\"ListItem\",\"position\":2,\"name\":\"Nos Mocktails\"}]},{\"@type\":\"WebSite\",\"@id\":\"https:\\\/\\\/www.le-saint-james.com\\\/#website\",\"url\":\"https:\\\/\\\/www.le-saint-james.com\\\/\",\"name\":\"Le Saint James Bergerac\",\"description\":\"Le Saint James - Bar-Restaurant\",\"potentialAction\":[{\"@type\":\"SearchAction\",\"target\":{\"@type\":\"EntryPoint\",\"urlTemplate\":\"https:\\\/\\\/www.le-saint-james.com\\\/?s={search_term_string}\"},\"query-input\":{\"@type\":\"PropertyValueSpecification\",\"valueRequired\":true,\"valueName\":\"search_term_string\"}}],\"inLanguage\":\"en-GB\"}]}<\/script>\n<!-- \/ Yoast SEO plugin. -->","yoast_head_json":{"title":"Nos Mocktails | Le Saint James Bergerac | Restaurant & Bar Lounge","description":"D\u00e9couvrez les mocktails du restaurant \"Le Saint James\" \u00e0 l'ambiance lounge au centre ville de Bergerac en Dordogne. Venez d\u00e9guster une cuisine d'ailleurs !","robots":{"index":"index","follow":"follow","max-snippet":"max-snippet:-1","max-image-preview":"max-image-preview:large","max-video-preview":"max-video-preview:-1"},"canonical":"https:\/\/www.le-saint-james.com\/en\/nos-mocktails\/","og_locale":"en_GB","og_type":"article","og_title":"Nos Mocktails | Le Saint James Bergerac | Restaurant & Bar Lounge","og_description":"D\u00e9couvrez les mocktails du restaurant \"Le Saint James\" \u00e0 l'ambiance lounge au centre ville de Bergerac en Dordogne. Venez d\u00e9guster une cuisine d'ailleurs !","og_url":"https:\/\/www.le-saint-james.com\/en\/nos-mocktails\/","og_site_name":"Le Saint James Bergerac","article_modified_time":"2025-10-20T12:18:17+00:00","og_image":[{"width":1100,"height":618,"url":"https:\/\/www.le-saint-james.com\/wp-content\/uploads\/2020\/12\/burger-presentation-saint-james-1100.jpg","type":"image\/jpeg"}],"twitter_card":"summary_large_image","twitter_misc":{"Estimated reading time":"1 minute"},"schema":{"@context":"https:\/\/schema.org","@graph":[{"@type":"WebPage","@id":"https:\/\/www.le-saint-james.com\/nos-mocktails\/","url":"https:\/\/www.le-saint-james.com\/nos-mocktails\/","name":"Nos Mocktails | Le Saint James Bergerac | Restaurant & Bar Lounge","isPartOf":{"@id":"https:\/\/www.le-saint-james.com\/#website"},"datePublished":"2022-05-14T02:45:14+00:00","dateModified":"2025-10-20T12:18:17+00:00","description":"D\u00e9couvrez les mocktails du restaurant \"Le Saint James\" \u00e0 l'ambiance lounge au centre ville de Bergerac en Dordogne. Venez d\u00e9guster une cuisine d'ailleurs !","breadcrumb":{"@id":"https:\/\/www.le-saint-james.com\/nos-mocktails\/#breadcrumb"},"inLanguage":"en-GB","potentialAction":[{"@type":"ReadAction","target":["https:\/\/www.le-saint-james.com\/nos-mocktails\/"]}]},{"@type":"BreadcrumbList","@id":"https:\/\/www.le-saint-james.com\/nos-mocktails\/#breadcrumb","itemListElement":[{"@type":"ListItem","position":1,"name":"Accueil","item":"https:\/\/www.le-saint-james.com\/"},{"@type":"ListItem","position":2,"name":"Nos Mocktails"}]},{"@type":"WebSite","@id":"https:\/\/www.le-saint-james.com\/#website","url":"https:\/\/www.le-saint-james.com\/","name":"Le Saint James Bergerac","description":"Le Saint James - Bar-Restaurant","potentialAction":[{"@type":"SearchAction","target":{"@type":"EntryPoint","urlTemplate":"https:\/\/www.le-saint-james.com\/?s={search_term_string}"},"query-input":{"@type":"PropertyValueSpecification","valueRequired":true,"valueName":"search_term_string"}}],"inLanguage":"en-GB"}]}},"_links":{"self":[{"href":"https:\/\/www.le-saint-james.com\/en\/wp-json\/wp\/v2\/pages\/6571","targetHints":{"allow":["GET"]}}],"collection":[{"href":"https:\/\/www.le-saint-james.com\/en\/wp-json\/wp\/v2\/pages"}],"about":[{"href":"https:\/\/www.le-saint-james.com\/en\/wp-json\/wp\/v2\/types\/page"}],"author":[{"embeddable":true,"href":"https:\/\/www.le-saint-james.com\/en\/wp-json\/wp\/v2\/users\/1"}],"replies":[{"embeddable":true,"href":"https:\/\/www.le-saint-james.com\/en\/wp-json\/wp\/v2\/comments?post=6571"}],"version-history":[{"count":25,"href":"https:\/\/www.le-saint-james.com\/en\/wp-json\/wp\/v2\/pages\/6571\/revisions"}],"predecessor-version":[{"id":7735,"href":"https:\/\/www.le-saint-james.com\/en\/wp-json\/wp\/v2\/pages\/6571\/revisions\/7735"}],"wp:attachment":[{"href":"https:\/\/www.le-saint-james.com\/en\/wp-json\/wp\/v2\/media?parent=6571"}],"curies":[{"name":"wp","href":"https:\/\/api.w.org\/{rel}","templated":true}]}}