{"id":6604,"date":"2022-05-14T05:00:37","date_gmt":"2022-05-14T03:00:37","guid":{"rendered":"https:\/\/www.le-saint-james.com\/?page_id=6604"},"modified":"2024-06-08T22:02:54","modified_gmt":"2024-06-08T20:02:54","slug":"nos-boissons-sans-alcool","status":"publish","type":"page","link":"https:\/\/www.le-saint-james.com\/en\/nos-boissons-sans-alcool\/","title":{"rendered":"Nos Boissons Sans Alcool"},"content":{"rendered":"<div data-elementor-type=\"wp-page\" data-elementor-id=\"6604\" class=\"elementor elementor-6604\">\n\t\t\t\t\t\t<section class=\"elementor-section elementor-top-section elementor-element elementor-element-515cee5 eltdf-elementor-row-grid-section elementor-section-boxed elementor-section-height-default elementor-section-height-default eltdf-parallax-row-no eltdf-content-aligment-left eltdf-disabled-bg-image-bellow-no\" data-id=\"515cee5\" data-element_type=\"section\" data-e-type=\"section\" data-settings=\"{&quot;background_background&quot;:&quot;classic&quot;}\">\n\t\t\t\t\t\t\t<div class=\"elementor-background-overlay\"><\/div>\n\t\t\t\t\t\t\t<div class=\"elementor-container elementor-column-gap-default\">\n\t\t\t\t\t<div class=\"elementor-column elementor-col-100 elementor-top-column elementor-element elementor-element-2626e72\" data-id=\"2626e72\" data-element_type=\"column\" data-e-type=\"column\">\n\t\t\t<div class=\"elementor-widget-wrap elementor-element-populated\">\n\t\t\t\t\t\t<div class=\"elementor-element elementor-element-5604b24 elementor-widget elementor-widget-eltdf_section_title\" data-id=\"5604b24\" data-element_type=\"widget\" data-e-type=\"widget\" data-widget_type=\"eltdf_section_title.default\">\n\t\t\t\t<div class=\"elementor-widget-container\">\n\t\t\t\t\t<div class=\"eltdf-section-title-holder\" style=\"text-align: center\">\n\t<div class=\"eltdf-st-inner\">\n                    <span class=\"eltdf-st-tagline\">\n                Drinks            <\/span>\n        \t\t            <div class=\"eltdf-st-title-holder\">\n                                <h4 class=\"eltdf-st-title\" >\n                    Sans Alcools                <\/h4>\n                            <\/div>\n\t\t\t\t\t\t\t<\/div>\n<\/div>\t\t\t\t<\/div>\n\t\t\t\t<\/div>\n\t\t\t\t<div class=\"elementor-element elementor-element-332c2ae elementor-widget elementor-widget-eltdf_pricing_list\" data-id=\"332c2ae\" data-element_type=\"widget\" data-e-type=\"widget\" data-widget_type=\"eltdf_pricing_list.default\">\n\t\t\t\t<div class=\"elementor-widget-container\">\n\t\t\t\t\t<div class=\"eltdf-pricing-holder\">\n                        <div class=\"eltdf-pricing-item\">\n                \n                <div class=\"eltdf-pricing-main\" >\n                    <h6 class=\"eltdf-pricing-title\">\n                        Sirop \u00e0 l&#039;eau                    <\/h6>\n                    <div class=\"eltdf-pricing-lines\"><\/div>\n                                            <span class=\"eltdf-pricing-price\" style=\"color: #010101\">2.60\u20ac<\/span>\n                                    <\/div>\n                            <p class=\"eltdf-pricing-desc\">Menthe, Citron, Grenadine, P\u00eache, Orgeat, Framboise, Cerise, Fraise, Cassis, Violette, Caramel, Kiwi<\/p>\n                        <\/div>\n                            <div class=\"eltdf-pricing-item\">\n                \n                <div class=\"eltdf-pricing-main\" >\n                    <h6 class=\"eltdf-pricing-title\">\n                        SODA                    <\/h6>\n                    <div class=\"eltdf-pricing-lines\"><\/div>\n                                            <span class=\"eltdf-pricing-price\" style=\"color: #010101\">3\u20ac<\/span>\n                                    <\/div>\n                            <p class=\"eltdf-pricing-desc\">Perrier, Coca-Cola, Coca-Cola Z\u00e9ro, Orangina, Limonade, Ice Tea P\u00eache, Oasis Tropical, Schweppes Tonic<\/p>\n                        <\/div>\n                            <div class=\"eltdf-pricing-item\">\n                \n                <div class=\"eltdf-pricing-main\" >\n                    <h6 class=\"eltdf-pricing-title\">\n                        Diabolo                    <\/h6>\n                    <div class=\"eltdf-pricing-lines\"><\/div>\n                                            <span class=\"eltdf-pricing-price\" style=\"color: #010101\">3\u20ac<\/span>\n                                    <\/div>\n                            <p class=\"eltdf-pricing-desc\">Menthe, Citron, Grenadine, P\u00eache, Orgeat, Framboise, Cerise, Fraise, Cassis, Violette, Caramel, Kiwi<\/p>\n                        <\/div>\n                            <div class=\"eltdf-pricing-item\">\n                \n                <div class=\"eltdf-pricing-main\" >\n                    <h6 class=\"eltdf-pricing-title\">\n                        Jus de fruits                    <\/h6>\n                    <div class=\"eltdf-pricing-lines\"><\/div>\n                                            <span class=\"eltdf-pricing-price\" style=\"color: #010101\">3.80\u20ac<\/span>\n                                    <\/div>\n                            <p class=\"eltdf-pricing-desc\">Pomme, Orange, Tomate, Ananas, Abricot, Fraise, Mangue, ACE <\/p>\n                        <\/div>\n                            <div class=\"eltdf-pricing-item\">\n                \n                <div class=\"eltdf-pricing-main\" >\n                    <h6 class=\"eltdf-pricing-title\">\n                        Abatilles                    <\/h6>\n                    <div class=\"eltdf-pricing-lines\"><\/div>\n                                            <span class=\"eltdf-pricing-price\" style=\"color: #010101\">4\u20ac<\/span>\n                                    <\/div>\n                            <p class=\"eltdf-pricing-desc\">Eau plate ou p\u00e9tillante - 1L<\/p>\n                        <\/div>\n        <\/div>\t\t\t\t<\/div>\n\t\t\t\t<\/div>\n\t\t\t\t\t<\/div>\n\t\t<\/div>\n\t\t\t\t\t<\/div>\n\t\t<\/section>\n\t\t\t\t<section class=\"eltdf-parallax-row-holder elementor-section elementor-top-section elementor-element elementor-element-9ef84c5 elementor-section-full_width eltdf-parallax-row-holder elementor-section-height-default elementor-section-height-default eltdf-content-aligment-left eltdf-elementor-row-grid-no eltdf-disabled-bg-image-bellow-no\" data-parallax-bg-speed=\"1\" data-parallax-bg-image=\"https:\/\/www.le-saint-james.com\/wp-content\/uploads\/2021\/12\/mocktails-restaurant-le-saint-james-a-bergerac-en-dordogne-1900x1100-1.jpg\" data-parallax-bg-height=\"0\" data-id=\"9ef84c5\" data-element_type=\"section\" data-e-type=\"section\" data-settings=\"{&quot;elated_parallax_image&quot;:{&quot;url&quot;:&quot;https:\\\/\\\/www.le-saint-james.com\\\/wp-content\\\/uploads\\\/2021\\\/12\\\/mocktails-restaurant-le-saint-james-a-bergerac-en-dordogne-1900x1100-1.jpg&quot;,&quot;id&quot;:5925,&quot;size&quot;:&quot;&quot;,&quot;alt&quot;:&quot;mocktails du restaurant le saint james \\u00e0 bergerac en dordogne&quot;,&quot;source&quot;:&quot;library&quot;}}\">\n\t\t\t\t\t\t<div class=\"elementor-container elementor-column-gap-default\">\n\t\t\t\t\t<div class=\"elementor-column elementor-col-100 elementor-top-column elementor-element elementor-element-f496732\" data-id=\"f496732\" data-element_type=\"column\" data-e-type=\"column\">\n\t\t\t<div class=\"elementor-widget-wrap\">\n\t\t\t\t\t\t\t<\/div>\n\t\t<\/div>\n\t\t\t\t\t<\/div>\n\t\t<\/section>\n\t\t\t\t<\/div>","protected":false},"excerpt":{"rendered":"<p>Boissons Sans Alcools Sirop \u00e0 l&#039;eau 2.60\u20ac Menthe, Citron, Grenadine, P\u00eache, Orgeat, Framboise, Cerise, Fraise, Cassis, Violette, Caramel, Kiwi SODA 3\u20ac Perrier, Coca-Cola, Coca-Cola Z\u00e9ro, Orangina, Limonade, Ice Tea P\u00eache, Oasis Tropical, Schweppes Tonic Diabolo 3\u20ac Menthe, Citron, Grenadine, P\u00eache, Orgeat, Framboise, Cerise, Fraise, Cassis, Violette, Caramel, Kiwi Jus de fruits 3.80\u20ac Pomme, Orange, Tomate, Ananas, Abricot, Fraise, Mangue, ACE [&hellip;]<\/p>\n","protected":false},"author":1,"featured_media":0,"parent":0,"menu_order":0,"comment_status":"closed","ping_status":"closed","template":"full-width.php","meta":{"_angie_page":false,"footnotes":""},"class_list":["post-6604","page","type-page","status-publish","hentry"],"yoast_head":"<!-- This site is optimized with the Yoast SEO plugin v27.4 - https:\/\/yoast.com\/product\/yoast-seo-wordpress\/ -->\n<title>Nos Boissons Sans Alcool | Le Saint James Bergerac | Restaurant &amp; Bar Lounge<\/title>\n<meta name=\"description\" content=\"D\u00e9couvrez les boissons sans alcool du restaurant &quot;Le Saint James&quot; \u00e0 l&#039;ambiance lounge au centre ville de Bergerac en Dordogne. Venez d\u00e9guster une cuisine d&#039;ailleurs !\" \/>\n<meta name=\"robots\" content=\"index, follow, max-snippet:-1, max-image-preview:large, max-video-preview:-1\" \/>\n<link rel=\"canonical\" href=\"https:\/\/www.le-saint-james.com\/en\/nos-boissons-sans-alcool\/\" \/>\n<meta property=\"og:locale\" content=\"en_GB\" \/>\n<meta property=\"og:type\" content=\"article\" \/>\n<meta property=\"og:title\" content=\"Nos Boissons Sans Alcool | Le Saint James Bergerac | Restaurant &amp; Bar Lounge\" \/>\n<meta property=\"og:description\" content=\"D\u00e9couvrez les boissons sans alcool du restaurant &quot;Le Saint James&quot; \u00e0 l&#039;ambiance lounge au centre ville de Bergerac en Dordogne. Venez d\u00e9guster une cuisine d&#039;ailleurs !\" \/>\n<meta property=\"og:url\" content=\"https:\/\/www.le-saint-james.com\/en\/nos-boissons-sans-alcool\/\" \/>\n<meta property=\"og:site_name\" content=\"Le Saint James Bergerac\" \/>\n<meta property=\"article:modified_time\" content=\"2024-06-08T20:02:54+00:00\" \/>\n<meta property=\"og:image\" content=\"https:\/\/www.le-saint-james.com\/wp-content\/uploads\/2020\/12\/burger-presentation-saint-james-1100.jpg\" \/>\n\t<meta property=\"og:image:width\" content=\"1100\" \/>\n\t<meta property=\"og:image:height\" content=\"618\" \/>\n\t<meta property=\"og:image:type\" content=\"image\/jpeg\" \/>\n<meta name=\"twitter:card\" content=\"summary_large_image\" \/>\n<meta name=\"twitter:label1\" content=\"Estimated reading time\" \/>\n\t<meta name=\"twitter:data1\" content=\"1 minute\" \/>\n<script type=\"application\/ld+json\" class=\"yoast-schema-graph\">{\"@context\":\"https:\\\/\\\/schema.org\",\"@graph\":[{\"@type\":\"WebPage\",\"@id\":\"https:\\\/\\\/www.le-saint-james.com\\\/nos-boissons-sans-alcool\\\/\",\"url\":\"https:\\\/\\\/www.le-saint-james.com\\\/nos-boissons-sans-alcool\\\/\",\"name\":\"Nos Boissons Sans Alcool | Le Saint James Bergerac | Restaurant & Bar Lounge\",\"isPartOf\":{\"@id\":\"https:\\\/\\\/www.le-saint-james.com\\\/#website\"},\"datePublished\":\"2022-05-14T03:00:37+00:00\",\"dateModified\":\"2024-06-08T20:02:54+00:00\",\"description\":\"D\u00e9couvrez les boissons sans alcool du restaurant \\\"Le Saint James\\\" \u00e0 l'ambiance lounge au centre ville de Bergerac en Dordogne. Venez d\u00e9guster une cuisine d'ailleurs !\",\"breadcrumb\":{\"@id\":\"https:\\\/\\\/www.le-saint-james.com\\\/nos-boissons-sans-alcool\\\/#breadcrumb\"},\"inLanguage\":\"en-GB\",\"potentialAction\":[{\"@type\":\"ReadAction\",\"target\":[\"https:\\\/\\\/www.le-saint-james.com\\\/nos-boissons-sans-alcool\\\/\"]}]},{\"@type\":\"BreadcrumbList\",\"@id\":\"https:\\\/\\\/www.le-saint-james.com\\\/nos-boissons-sans-alcool\\\/#breadcrumb\",\"itemListElement\":[{\"@type\":\"ListItem\",\"position\":1,\"name\":\"Accueil\",\"item\":\"https:\\\/\\\/www.le-saint-james.com\\\/\"},{\"@type\":\"ListItem\",\"position\":2,\"name\":\"Nos Boissons Sans Alcool\"}]},{\"@type\":\"WebSite\",\"@id\":\"https:\\\/\\\/www.le-saint-james.com\\\/#website\",\"url\":\"https:\\\/\\\/www.le-saint-james.com\\\/\",\"name\":\"Le Saint James Bergerac\",\"description\":\"Le Saint James - Bar-Restaurant \",\"potentialAction\":[{\"@type\":\"SearchAction\",\"target\":{\"@type\":\"EntryPoint\",\"urlTemplate\":\"https:\\\/\\\/www.le-saint-james.com\\\/?s={search_term_string}\"},\"query-input\":{\"@type\":\"PropertyValueSpecification\",\"valueRequired\":true,\"valueName\":\"search_term_string\"}}],\"inLanguage\":\"en-GB\"}]}<\/script>\n<!-- \/ Yoast SEO plugin. -->","yoast_head_json":{"title":"Nos Boissons Sans Alcool | Le Saint James Bergerac | Restaurant & Bar Lounge","description":"D\u00e9couvrez les boissons sans alcool du restaurant \"Le Saint James\" \u00e0 l'ambiance lounge au centre ville de Bergerac en Dordogne. Venez d\u00e9guster une cuisine d'ailleurs !","robots":{"index":"index","follow":"follow","max-snippet":"max-snippet:-1","max-image-preview":"max-image-preview:large","max-video-preview":"max-video-preview:-1"},"canonical":"https:\/\/www.le-saint-james.com\/en\/nos-boissons-sans-alcool\/","og_locale":"en_GB","og_type":"article","og_title":"Nos Boissons Sans Alcool | Le Saint James Bergerac | Restaurant & Bar Lounge","og_description":"D\u00e9couvrez les boissons sans alcool du restaurant \"Le Saint James\" \u00e0 l'ambiance lounge au centre ville de Bergerac en Dordogne. Venez d\u00e9guster une cuisine d'ailleurs !","og_url":"https:\/\/www.le-saint-james.com\/en\/nos-boissons-sans-alcool\/","og_site_name":"Le Saint James Bergerac","article_modified_time":"2024-06-08T20:02:54+00:00","og_image":[{"width":1100,"height":618,"url":"https:\/\/www.le-saint-james.com\/wp-content\/uploads\/2020\/12\/burger-presentation-saint-james-1100.jpg","type":"image\/jpeg"}],"twitter_card":"summary_large_image","twitter_misc":{"Estimated reading time":"1 minute"},"schema":{"@context":"https:\/\/schema.org","@graph":[{"@type":"WebPage","@id":"https:\/\/www.le-saint-james.com\/nos-boissons-sans-alcool\/","url":"https:\/\/www.le-saint-james.com\/nos-boissons-sans-alcool\/","name":"Nos Boissons Sans Alcool | Le Saint James Bergerac | Restaurant & Bar Lounge","isPartOf":{"@id":"https:\/\/www.le-saint-james.com\/#website"},"datePublished":"2022-05-14T03:00:37+00:00","dateModified":"2024-06-08T20:02:54+00:00","description":"D\u00e9couvrez les boissons sans alcool du restaurant \"Le Saint James\" \u00e0 l'ambiance lounge au centre ville de Bergerac en Dordogne. Venez d\u00e9guster une cuisine d'ailleurs !","breadcrumb":{"@id":"https:\/\/www.le-saint-james.com\/nos-boissons-sans-alcool\/#breadcrumb"},"inLanguage":"en-GB","potentialAction":[{"@type":"ReadAction","target":["https:\/\/www.le-saint-james.com\/nos-boissons-sans-alcool\/"]}]},{"@type":"BreadcrumbList","@id":"https:\/\/www.le-saint-james.com\/nos-boissons-sans-alcool\/#breadcrumb","itemListElement":[{"@type":"ListItem","position":1,"name":"Accueil","item":"https:\/\/www.le-saint-james.com\/"},{"@type":"ListItem","position":2,"name":"Nos Boissons Sans Alcool"}]},{"@type":"WebSite","@id":"https:\/\/www.le-saint-james.com\/#website","url":"https:\/\/www.le-saint-james.com\/","name":"Le Saint James Bergerac","description":"Le Saint James - Bar-Restaurant","potentialAction":[{"@type":"SearchAction","target":{"@type":"EntryPoint","urlTemplate":"https:\/\/www.le-saint-james.com\/?s={search_term_string}"},"query-input":{"@type":"PropertyValueSpecification","valueRequired":true,"valueName":"search_term_string"}}],"inLanguage":"en-GB"}]}},"_links":{"self":[{"href":"https:\/\/www.le-saint-james.com\/en\/wp-json\/wp\/v2\/pages\/6604","targetHints":{"allow":["GET"]}}],"collection":[{"href":"https:\/\/www.le-saint-james.com\/en\/wp-json\/wp\/v2\/pages"}],"about":[{"href":"https:\/\/www.le-saint-james.com\/en\/wp-json\/wp\/v2\/types\/page"}],"author":[{"embeddable":true,"href":"https:\/\/www.le-saint-james.com\/en\/wp-json\/wp\/v2\/users\/1"}],"replies":[{"embeddable":true,"href":"https:\/\/www.le-saint-james.com\/en\/wp-json\/wp\/v2\/comments?post=6604"}],"version-history":[{"count":25,"href":"https:\/\/www.le-saint-james.com\/en\/wp-json\/wp\/v2\/pages\/6604\/revisions"}],"predecessor-version":[{"id":7579,"href":"https:\/\/www.le-saint-james.com\/en\/wp-json\/wp\/v2\/pages\/6604\/revisions\/7579"}],"wp:attachment":[{"href":"https:\/\/www.le-saint-james.com\/en\/wp-json\/wp\/v2\/media?parent=6604"}],"curies":[{"name":"wp","href":"https:\/\/api.w.org\/{rel}","templated":true}]}}